{"id":2042,"date":"2018-10-09T15:13:17","date_gmt":"2018-10-09T12:13:17","guid":{"rendered":"http:\/\/alsancakrotary.org\/?page_id=2042"},"modified":"2018-10-09T15:13:17","modified_gmt":"2018-10-09T12:13:17","slug":"our-board-of-directors","status":"publish","type":"page","link":"https:\/\/alsancakrotary.org\/en\/about-us\/our-board-of-directors\/","title":{"rendered":"Our Board of Directors"},"content":{"rendered":"<div id=\"wonderplugintabs-container-4\" style=\"max-width:1150px;margin:0 auto;\"><div style=\"display:none;\" class=\"wonderplugintabs\" id=\"wonderplugintabs-4\" data-tabsid=\"4\" data-width=\"1150\" data-height=\"400\" data-skin=\"horizontaltoptabs\" data-arrowinsidepanel=\"true\" data-arrowloop=\"true\" data-autoexpandpanelheight=\"false\" data-fixedheaderwidth=\"false\" data-fixedheaderheight=\"false\" data-ajaxloading=\"false\" data-ajaxloadingfirst=\"false\" data-ajaxloadingauto=\"false\" data-closeall=\"false\" data-usetablecellfortitle=\"false\" data-enablega=\"false\" data-enabletabindex=\"false\" data-keyaccess=\"false\" data-fullwidthtabs=\"false\" data-accordion=\"false\" data-accordionmultiple=\"false\" data-accordioncloseall=\"false\" data-switchonmouseover=\"false\" data-savestatusincookie=\"false\" data-extendedheight=\"false\" data-responsive=\"true\" data-fullwidth=\"false\" data-applydisplaynonetohiddenpanel=\"true\" data-triggerresize=\"true\" data-triggerresizeonload=\"true\" data-disablewpautop=\"false\" data-hidetitleonsmallscreen=\"false\" data-donotinit=\"false\" data-removeinlinecss=\"true\" data-addinitscript=\"false\" data-fullwidthtabsonsmallscreen=\"true\" data-accordiononsmallscreen=\"true\" data-paneloverflowvisible=\"false\" data-addpanelarrow=\"false\" data-arrowfontsize=\"20\" data-arrowfontcolor=\"#666\" data-headerwidth=\"180\" data-headerheight=\"80\" data-gatrackingid=\"\" data-heightmode=\"auto\" data-minheight=\"300\" data-firstid=\"0\" data-direction=\"horizontal\" data-tabposition=\"top\" data-tabiconposition=\"left\" data-horizontaltabalign=\"left\" data-hidetitleonsmallscreenwidth=\"768\" data-transition=\"slide\" data-arrowstyle=\"none\" data-arrowimage=\"arrows-32-32-2.png\" data-arrowwidth=\"32\" data-arrowheight=\"32\" data-prevarrowcss=\"position:absolute;top:50%;left:0;margin-top:-16px;\" data-nextarrowcss=\"position:absolute;top:50%;right:0;margin-top:-16px;\" data-ajaxloadingautodelay=\"500\" data-navstyle=\"none\" data-navwidth=\"16\" data-navheight=\"16\" data-navspacing=\"8\" data-navimage=\"bullet-16-16-0.png\" data-navcss=\"display:block;position:relative;text-align:center;width:100%;top:100%;margin-top:16px;\" data-minimumheadermargin=\"0\" data-responsivemode=\"menu\" data-tabarrowmode=\"slide\" data-horizontalarrowwidthsameasheight=\"pixels\" data-horizontalarrowwidth=\"32\" data-arrowprevicon=\"fa-angle-left\" data-arrownexticon=\"fa-angle-right\" data-dropdownmenutext=\"Di\u011fer\" data-dropdownmenuicon=\"fa-angle-down\" data-triggerresizetimeout=\"10\" data-triggerresizeonloadtimeout=\"100\" data-fullwidthtabsonsmallscreenwidth=\"480\" data-jsfolder=\"https:\/\/alsancakrotary.org\/wp-content\/plugins\/wonderplugin-tabs\/engine\/\" data-skinsfoldername=\"skins\" ><div class=\"wonderplugintabs-header-wrap\"><div class=\"wonderplugintabs-header-inner-wrap\"><ul class=\"wonderplugintabs-header-ul\"><li data-slug=\"\" class=\"wonderplugintabs-header-li wonderplugintabs-header-li-first\"><div class=\"wonderplugintabs-header-caption\" style=\"text-align:left;\"><span class=\"wonderplugintabs-header-icon-fontawesome fa-arrow-circle-right\"><\/span><div class=\"wonderplugintabs-header-title\">Official Members<\/div><\/div><\/li><li data-slug=\"\" class=\"wonderplugintabs-header-li\"><div class=\"wonderplugintabs-header-caption\" style=\"text-align:left;\"><span class=\"wonderplugintabs-header-icon-fontawesome fa-arrow-circle-right\"><\/span><div class=\"wonderplugintabs-header-title\">Associate Members<\/div><\/div><\/li><li data-slug=\"\" class=\"wonderplugintabs-header-li\"><div class=\"wonderplugintabs-header-caption\" style=\"text-align:left;\"><span class=\"wonderplugintabs-header-icon-fontawesome fa-arrow-circle-right\"><\/span><div class=\"wonderplugintabs-header-title\">Supervisors<\/div><\/div><\/li><li data-slug=\"\" class=\"wonderplugintabs-header-li\"><div class=\"wonderplugintabs-header-caption\" style=\"text-align:left;\"><span class=\"wonderplugintabs-header-icon-fontawesome fa-arrow-circle-right\"><\/span><div class=\"wonderplugintabs-header-title\">Alternate Supervisiors<\/div><\/div><\/li><li data-slug=\"\" class=\"wonderplugintabs-header-li wonderplugintabs-header-li-last\"><div class=\"wonderplugintabs-header-caption\" style=\"text-align:left;\"><span class=\"wonderplugintabs-header-icon-fontawesome fa-arrow-circle-right\"><\/span><div class=\"wonderplugintabs-header-title\">Chair of the 2022-2023 Term<\/div><\/div><\/li><\/ul><\/div><\/div><div class=\"wonderplugintabs-panel-wrap\" style=\"min-height:300px;\"><div class=\"wonderplugintabs-panel wonderplugintabs-panel-first\" data-contentloaded=1><div class=\"wonderplugintabs-panel-inner\">BA\u015eKAN- Mustafa Nafiz Delen<br>\nAS BA\u015eKAN- Tu\u011f\u00e7e K\u00fc\u00e7\u00fck\u00f6ren<br>\nGENEL SEKRETER- Selin Tabak<br>\nSAYMAN- Ali Fatih Dalk\u0131l\u0131\u00e7<br>\nGE\u00c7M\u0130\u015e D\u00d6NEM BA\u015eKANI- Ay\u015feg\u00fcl Kurtel\n2023-2024 D\u00f6nem Ba\u015fkan\u0131- Tu\u011f\u00e7e K\u00fc\u00e7\u00fck\u00f6ren<br><\/div><\/div><div class=\"wonderplugintabs-panel\" data-contentloaded=1><div class=\"wonderplugintabs-panel-inner\">Seda Akman<br>\nEsra \u00c7ek<br>\nSait Tigin \u00d6zmeydan<br>\nMete K\u00f6ymen<br>\nM\u00fcmin Tanr\u0131\u00f6ver<\/div><\/div><div class=\"wonderplugintabs-panel\" data-contentloaded=1><div class=\"wonderplugintabs-panel-inner\">Celal \u00d6ZL\u00dc<br>\nHamdi TANIK<br>\nBerrin ERT\u00dcRK<\/div><\/div><div class=\"wonderplugintabs-panel\" data-contentloaded=1><div class=\"wonderplugintabs-panel-inner\">Konca Yumlu<br>\nYa\u015far Y\u00fcksek<br>\nG\u00fcrsel Hanc\u0131<\/div><\/div><div class=\"wonderplugintabs-panel wonderplugintabs-panel-last\" data-contentloaded=1><div class=\"wonderplugintabs-panel-inner\">Tu\u011f\u00e7e K\u00fc\u00e7\u00fck\u00f6ren<\/div><\/div><\/div><\/div><\/div><script>function wondertabs_4_appendcss(csscode) {var head=document.head || document.getElementsByTagName(\"head\")[0];var style=document.createElement(\"style\");head.appendChild(style);style.type=\"text\/css\";if (style.styleSheet){style.styleSheet.cssText=csscode;} else {style.appendChild(document.createTextNode(csscode));}};wondertabs_4_appendcss(\"#wonderplugintabs-4 > .wonderplugintabs-header-wrap { \tbox-sizing: border-box; \tdisplay: block; \tposition: relative; \twidth: 100%;\t \tz-index: 1; \tmargin-top: -1px; }  #wonderplugintabs-4 > .wonderplugintabs-header-wrap .wonderplugintabs-header-inner-wrap { \tbox-sizing: border-box; \tdisplay: block; \toverflow: hidden;\t }  #wonderplugintabs-4 > .wonderplugintabs-header-wrap .wonderplugintabs-header-ul { \tbox-sizing: border-box; \tdisplay: block; \tposition: relative; \tlist-style: none; \twhite-space: nowrap; \tmargin: 0; \tpadding: 0; }  #wonderplugintabs-4 > .wonderplugintabs-header-wrap .wonderplugintabs-header-li { \tbox-sizing: border-box; \tdisplay: inline-block; \tposition: relative; \tmargin: 0 4px 0 0; \tpadding: 0px; \tbackground-color: #f6f6f6; \tborder: 1px solid #ccc; \tborder-top-left-radius: 4px; \tborder-top-right-radius: 4px; }  #wonderplugintabs-4 > .wonderplugintabs-header-wrap .wonderplugintabs-header-caption { \tcursor: pointer; \tpadding: 8px 12px; }  #wonderplugintabs-4 > .wonderplugintabs-header-wrap .wonderplugintabs-header-li-next { \tborder-left: 1px solid #ccc; }  #wonderplugintabs-4 > .wonderplugintabs-header-wrap .wonderplugintabs-header-li:hover { \tbackground-color: #fff; }  #wonderplugintabs-4 > .wonderplugintabs-header-wrap .wonderplugintabs-header-li-active { \tbackground-color: #fff; \tborder-bottom: 1px solid #fff; }  #wonderplugintabs-4 > .wonderplugintabs-header-wrap .wonderplugintabs-header-li-active-last { }  #wonderplugintabs-4 > .wonderplugintabs-header-wrap .wonderplugintabs-header-li-first { }  #wonderplugintabs-4 > .wonderplugintabs-header-wrap .wonderplugintabs-header-li-first-side-arrows { \tmargin-left: 4px; }  #wonderplugintabs-4 > .wonderplugintabs-header-wrap .wonderplugintabs-header-li-last { }  #wonderplugintabs-4 > .wonderplugintabs-header-wrap .wonderplugintabs-header-li-last-side-arrows { }  #wonderplugintabs-4 > .wonderplugintabs-header-wrap .wonderplugintabs-header-prev { \tdisplay: none; \ttext-align: center; \tposition: absolute; \ttop: 0; \tleft: 0; \tcursor: pointer; \tbackground-color: #f6f6f6; \tborder: 1px solid #ccc; \tborder-top-left-radius: 4px; }  #wonderplugintabs-4 > .wonderplugintabs-header-wrap .wonderplugintabs-header-prev:before {    position: relative;    top: 50%;    margin-top: -8px;    font-family: FontAwesome;    font-size: 16px;    display: block;    color: #666; }  #wonderplugintabs-4 > .wonderplugintabs-header-wrap .wonderplugintabs-header-prev:hover { \tbackground-color: #fff;\t }  #wonderplugintabs-4 > .wonderplugintabs-header-wrap .wonderplugintabs-header-next { \tdisplay: none; \ttext-align: center; \tposition: absolute; \ttop: 0; \tright: 0; \tcursor: pointer; \tbackground-color: #f6f6f6; \tborder: 1px solid #ccc; \tborder-top-right-radius: 4px; }  #wonderplugintabs-4 > .wonderplugintabs-header-wrap .wonderplugintabs-header-next:before {    position: relative;    top: 50%;    margin-top: -8px;    font-family: FontAwesome;    font-size: 16px;    display: block;    color: #666; }  #wonderplugintabs-4 > .wonderplugintabs-header-wrap .wonderplugintabs-header-next:hover { \tbackground-color: #fff;\t }  #wonderplugintabs-4 > .wonderplugintabs-header-wrap .wonderplugintabs-header-menu { \tbox-sizing: border-box; \tdisplay: none; \ttext-align: center; \tposition: absolute; \ttop: 0; \tright: 0; \tcursor: pointer; \tbackground-color: #f6f6f6; \tborder: 1px solid #ccc; \tborder-top-left-radius: 4px; \tborder-top-right-radius: 4px; \tpadding: 8px 12px; }  #wonderplugintabs-4 > .wonderplugintabs-header-wrap .wonderplugintabs-header-menu-caption { \tdisplay: table-cell; \tvertical-align: middle; }  #wonderplugintabs-4 > .wonderplugintabs-header-wrap .wonderplugintabs-header-menu-text { \tfont-family: \\\"Open Sans\\\", Arial, sans-serif; \tfont-size: 12px; \tfont-weight: 400; \tvertical-align: middle; \tcolor: #333; }  #wonderplugintabs-4 > .wonderplugintabs-header-wrap .wonderplugintabs-header-menu-icon { \tfont-family: FontAwesome; \tfont-size: 14px; \tvertical-align: middle; \tmargin: 8px; \tcolor: #666; }  #wonderplugintabs-4 > .wonderplugintabs-header-wrap .wonderplugintabs-header-menu:hover { \tbackground-color: #fff;\t }  #wonderplugintabs-4 > .wonderplugintabs-header-wrap .wonderplugintabs-header-menu-dropdown { \tdisplay: none; \tposition: absolute; \twhite-space: nowrap; \ttop: 100%; \tright: 0;\t \tborder-left: 1px solid #ccc; \tborder-right: 1px solid #ccc; \tborder-bottom: 1px solid #ccc; \tbox-shadow: 0 6px 12px rgba(0,0,0,.175); }  #wonderplugintabs-4 > .wonderplugintabs-header-wrap .wonderplugintabs-header-menu-dropdown-item { \tpadding: 12px 32px 12px 20px;\t \tcursor: pointer; \ttext-align: left; \tbackground-color: #fff; }  #wonderplugintabs-4 > .wonderplugintabs-header-wrap .wonderplugintabs-header-menu-dropdown-item:hover { \tbackground-color: #f9f9f9;\t }  #wonderplugintabs-4 > .wonderplugintabs-header-wrap .wonderplugintabs-header-icon-fontawesome { \tfont-family: FontAwesome; \tfont-size: 18px; \tvertical-align: middle; \tmargin: 8px; \tcolor: #666; }  #wonderplugintabs-4 > .wonderplugintabs-header-wrap .wonderplugintabs-header-icon-image { \tmargin: 4px; \tvertical-align: middle; }  #wonderplugintabs-4 > .wonderplugintabs-header-wrap .wonderplugintabs-header-title { \tdisplay: inline-block; \tmargin: 4px; \tfont-family: \\\"Open Sans\\\", Arial, sans-serif; \tfont-size: 12px; \tfont-weight: 400; \tvertical-align: middle; \tcolor: #333; }  #wonderplugintabs-4 > .wonderplugintabs-header-wrap .wonderplugintabs-header-li-fullwidth { \tdisplay: block; \tmargin: 0; \tborder-bottom: none; \ttext-align: left; }  #wonderplugintabs-4 > .wonderplugintabs-header-wrap .wonderplugintabs-header-li-fullwidth:last-child { \tborder-bottom: 1px solid #ccc; }  #wonderplugintabs-4 > .wonderplugintabs-panel-wrap { \tbox-sizing: border-box; \tposition: relative; \tdisplay: block; \twidth: 100%; \toverflow: hidden; \tborder: 1px solid #ccc; \tbackground-color: #fff;\t \tmargin-top: -1px; }  #wonderplugintabs-4 > .wonderplugintabs-panel-wrap > .wonderplugintabs-panel { \tbox-sizing: border-box; \tdisplay: block; \tvisibility: hidden; \tposition: absolute; \ttop: 0; \tleft: 0; \twidth: 100%; \ttext-align: left; \tpadding: 24px; }  #wonderplugintabs-4 > .wonderplugintabs-panel-wrap > .wonderplugintabs-panel-active { \tposition: relative; }  #wonderplugintabs-4 > .wonderplugintabs-header-wrap .wonderplugintabs-header-ul-fullwidth { \twhite-space: normal; }  #wonderplugintabs-4 > .wonderplugintabs-header-wrap .wonderplugintabs-header-li-fullwidth { \tborder-radius: 0; }  #wonderplugintabs-4 > .wonderplugintabs-header-wrap  .wonderplugintabs-panel { \tpadding: 24px; \ttext-align: left; }  #wonderplugintabs-4 > .wonderplugintabs-header-wrap  .wonderplugintabs-panel-active { \tposition: relative; }  #wonderplugintabs-4 > .wonderplugintabs-header-wrap .wonderplugintabs-header-li-fullwidth .wonderplugintabs-header-caption:after { \tposition:absolute; \tcolor:#333; \ttop: 12px; \tright:8px; \tcontent: \\\"\\\\f107\\\"; \tfont-family: FontAwesome; \tfont-size: 16px; \tfont-weight:400; }  #wonderplugintabs-4 > .wonderplugintabs-header-wrap .wonderplugintabs-header-li-fullwidth.wonderplugintabs-header-li-active .wonderplugintabs-header-caption:after { \tcontent: \\\"\\\\f106\\\"; }\");<\/script>\n","protected":false},"excerpt":{"rendered":"","protected":false},"author":1,"featured_media":0,"parent":1948,"menu_order":0,"comment_status":"closed","ping_status":"closed","template":"","meta":{"footnotes":"","_links_to":"","_links_to_target":""},"class_list":["post-2042","page","type-page","status-publish","hentry"],"_links":{"self":[{"href":"https:\/\/alsancakrotary.org\/en\/wp-json\/wp\/v2\/pages\/2042","targetHints":{"allow":["GET"]}}],"collection":[{"href":"https:\/\/alsancakrotary.org\/en\/wp-json\/wp\/v2\/pages"}],"about":[{"href":"https:\/\/alsancakrotary.org\/en\/wp-json\/wp\/v2\/types\/page"}],"author":[{"embeddable":true,"href":"https:\/\/alsancakrotary.org\/en\/wp-json\/wp\/v2\/users\/1"}],"replies":[{"embeddable":true,"href":"https:\/\/alsancakrotary.org\/en\/wp-json\/wp\/v2\/comments?post=2042"}],"version-history":[{"count":1,"href":"https:\/\/alsancakrotary.org\/en\/wp-json\/wp\/v2\/pages\/2042\/revisions"}],"predecessor-version":[{"id":2043,"href":"https:\/\/alsancakrotary.org\/en\/wp-json\/wp\/v2\/pages\/2042\/revisions\/2043"}],"up":[{"embeddable":true,"href":"https:\/\/alsancakrotary.org\/en\/wp-json\/wp\/v2\/pages\/1948"}],"wp:attachment":[{"href":"https:\/\/alsancakrotary.org\/en\/wp-json\/wp\/v2\/media?parent=2042"}],"curies":[{"name":"wp","href":"https:\/\/api.w.org\/{rel}","templated":true}]}}