{"id":2044,"date":"2018-10-09T15:29:40","date_gmt":"2018-10-09T12:29:40","guid":{"rendered":"http:\/\/alsancakrotary.org\/?page_id=2044"},"modified":"2022-08-09T20:39:28","modified_gmt":"2022-08-09T17:39:28","slug":"members","status":"publish","type":"page","link":"https:\/\/alsancakrotary.org\/en\/about-us\/members\/","title":{"rendered":"Members"},"content":{"rendered":"<p>Ali VERYER\u0130 \u2013 Parke Ticareti\u00a0\u00a0\u00a0\u00a0\u00a0\u00a0\u00a0\u00a0\u00a0\u00a0\u00a0\u00a0\u00a0\u00a0\u00a0\u00a0\u00a0\u00a0\u00a0\u00a0\u00a0\u00a0\u00a0\u00a0\u00a0\u00a0\u00a0\u00a0\u00a0\u00a0\u00a0\u00a0\u00a0\u00a0\u00a0\u00a0\u00a0\u00a0\u00a0<\/p>\n<p>Ali Fatih DALKILI\u00c7 \u2013 \u0130\u015fletme \u00d6\u011fretim \u00dcyeli\u011fi\u00a0\u00a0\u00a0\u00a0\u00a0\u00a0\u00a0\u00a0<\/p>\n<p>Arda I\u015eIK \u2013 Mimar<\/p>\n<p>Ay\u015feg\u00fcl KURTEL \u2013 Ressam<\/p>\n<p>Ayt\u00fcl B\u00dcY\u00dcKSARA\u00c7 \u2013 Opera Sanat\u00e7\u0131s\u0131<\/p>\n<p>Bekir ERYILMAZ \u2013 Ambalaj Malzemeleri \u00dcretim ve Tic.<\/p>\n<p>Berrin ERT\u00dcRK \u2013 Ticari Ate\u015fe Yard\u0131mc\u0131s\u0131<\/p>\n<p>B\u00fclent \u015eENOCAK \u2013 Uluslararas\u0131 Temsilcilik<\/p>\n<p>B\u00fclent VERYER\u0130 \u2013 Mimar<\/p>\n<p>Celal \u00d6ZL\u00dc \u2013 Mali M\u00fc\u015favirlik<\/p>\n<p>Erhan ASLAN \u2013 Bili\u015fim<\/p>\n<p>Esra \u00c7EK \u2013 Bireysel Bankac\u0131l\u0131k<\/p>\n<p>G\u00fcrsel HANCI \u2013 \u00d6zel G\u00fcvenlik<\/p>\n<p>Hamdi TANIK \u2013 A\u011fa\u00e7 Sanayi<\/p>\n<p>Kemal ZORLU \u2013 Plastikten Mamul Madde \u00dcretimi<\/p>\n<p>Konca YUMLU \u2013 \u0130leti\u015fim \u00d6\u011fretim \u00dcyeli\u011fi<\/p>\n<p>Lucien ARKAS \u2013 Denizyolu Ta\u015f\u0131mac\u0131l\u0131\u011f\u0131<\/p>\n<p>Mehmet Sinan CAN \u2013 Sigortac\u0131l\u0131k Hizmetleri<\/p>\n<p>Mete K\u00d6YMEN \u2013 Portf\u00f6y Y\u00f6neticili\u011fi<\/p>\n<p>Murat Can ERT\u00d6Z \u2013 Makine M\u00fchendisli\u011fi<\/p>\n<p>Mustafa Nafiz DELEN \u2013 Seramik Cam Boya \u0130malat\u0131<\/p>\n<p>M\u00fcmin TANRI\u00d6VER \u2013 Veteriner<\/p>\n<p>Nargiza \u00d6ZG\u00dcZEL \u2013 Psikolog<\/p>\n<p>\u00d6ner AKGERMAN \u2013 \u0130n\u015faat Malzemeleri \u00dcretim ve Sat\u0131\u015f<\/p>\n<p>R\u0131za EL\u0130BOL \u2013 Otel \u0130\u015fletmecili\u011fi \u2013 Genel M\u00fcd\u00fcr<\/p>\n<p>Sait Tigin \u00d6ZMEYDAN \u2013 \u0130n\u015faat<\/p>\n<p>Seda AKMAN \u2013 \u0130nsan Kaynaklar\u0131<\/p>\n<p>Selin TABAK \u2013 Psikolog<\/p>\n<p>Sezai N\u00fczhet NOYAN \u2013 Avukat<\/p>\n<p>Talat S\u0130VR\u0130 \u2013 \u0130n\u015faat M\u00fchendisi<\/p>\n<p>Tu\u011f\u00e7e K\u00dc\u00c7\u00dcK\u00d6REN \u2013 Botanik Cafe \u0130\u015fletmecili<\/p>\n<p>Vedat Levent ERCAN \u2013 K\u00fc\u00e7\u00fckba\u015f Hayvan \u0130\u015fletmecili\u011fi<\/p>\n<p>Ya\u015far Y\u00dcKSEK \u2013 G\u0131da Maddeleri \u0130hracat\u0131<\/p>\n","protected":false},"excerpt":{"rendered":"<p>Ali VERYER\u0130 \u2013 Parke Ticareti\u00a0\u00a0\u00a0\u00a0\u00a0\u00a0\u00a0\u00a0\u00a0\u00a0\u00a0\u00a0\u00a0\u00a0\u00a0\u00a0\u00a0\u00a0\u00a0\u00a0\u00a0\u00a0\u00a0\u00a0\u00a0\u00a0\u00a0\u00a0\u00a0\u00a0\u00a0\u00a0\u00a0\u00a0\u00a0\u00a0\u00a0\u00a0\u00a0 Ali Fatih DALKILI\u00c7 \u2013 \u0130\u015fletme \u00d6\u011fretim \u00dcyeli\u011fi\u00a0\u00a0\u00a0\u00a0\u00a0\u00a0\u00a0\u00a0 Arda I\u015eIK \u2013 Mimar Ay\u015feg\u00fcl KURTEL \u2013 Ressam Ayt\u00fcl B\u00dcY\u00dcKSARA\u00c7 \u2013 Opera Sanat\u00e7\u0131s\u0131 Bekir ERYILMAZ \u2013 Ambalaj Malzemeleri \u00dcretim ve Tic. Berrin ERT\u00dcRK \u2013 Ticari Ate\u015fe Yard\u0131mc\u0131s\u0131 B\u00fclent \u015eENOCAK \u2013 Uluslararas\u0131 Temsilcilik B\u00fclent VERYER\u0130 \u2013 Mimar Celal \u00d6ZL\u00dc \u2013 Mali M\u00fc\u015favirlik Erhan ASLAN [&hellip;]<\/p>\n","protected":false},"author":1,"featured_media":0,"parent":1948,"menu_order":0,"comment_status":"closed","ping_status":"closed","template":"","meta":{"footnotes":"","_links_to":"","_links_to_target":""},"class_list":["post-2044","page","type-page","status-publish","hentry"],"_links":{"self":[{"href":"https:\/\/alsancakrotary.org\/en\/wp-json\/wp\/v2\/pages\/2044","targetHints":{"allow":["GET"]}}],"collection":[{"href":"https:\/\/alsancakrotary.org\/en\/wp-json\/wp\/v2\/pages"}],"about":[{"href":"https:\/\/alsancakrotary.org\/en\/wp-json\/wp\/v2\/types\/page"}],"author":[{"embeddable":true,"href":"https:\/\/alsancakrotary.org\/en\/wp-json\/wp\/v2\/users\/1"}],"replies":[{"embeddable":true,"href":"https:\/\/alsancakrotary.org\/en\/wp-json\/wp\/v2\/comments?post=2044"}],"version-history":[{"count":3,"href":"https:\/\/alsancakrotary.org\/en\/wp-json\/wp\/v2\/pages\/2044\/revisions"}],"predecessor-version":[{"id":4161,"href":"https:\/\/alsancakrotary.org\/en\/wp-json\/wp\/v2\/pages\/2044\/revisions\/4161"}],"up":[{"embeddable":true,"href":"https:\/\/alsancakrotary.org\/en\/wp-json\/wp\/v2\/pages\/1948"}],"wp:attachment":[{"href":"https:\/\/alsancakrotary.org\/en\/wp-json\/wp\/v2\/media?parent=2044"}],"curies":[{"name":"wp","href":"https:\/\/api.w.org\/{rel}","templated":true}]}}