{"id":2189,"date":"2018-10-10T13:52:03","date_gmt":"2018-10-10T10:52:03","guid":{"rendered":"http:\/\/alsancakrotary.org\/?page_id=2189"},"modified":"2023-10-30T11:14:46","modified_gmt":"2023-10-30T08:14:46","slug":"member-posts","status":"publish","type":"page","link":"https:\/\/alsancakrotary.org\/en\/publications\/member-posts\/","title":{"rendered":"Member posts"},"content":{"rendered":"\r\n<div class=\"wpbaw-pro-blog-slider-wrp wpbaw-clearfix \" data-conf=\"{&quot;slides_column&quot;:1,&quot;slides_scroll&quot;:1,&quot;dots&quot;:&quot;true&quot;,&quot;arrows&quot;:&quot;true&quot;,&quot;autoplay&quot;:&quot;true&quot;,&quot;autoplay_interval&quot;:2000,&quot;speed&quot;:3000,&quot;rtl&quot;:&quot;false&quot;,&quot;infinite&quot;:&quot;true&quot;,&quot;centermode&quot;:&quot;false&quot;,&quot;blogdesign&quot;:&quot;design-7&quot;,&quot;hover_pause&quot;:&quot;true&quot;,&quot;focus_pause&quot;:&quot;false&quot;,&quot;lazyload&quot;:&quot;&quot;}\">\r\n\t\t\t<div class=\"wpbaw-blog-slider wpbaw-blog-slider-init wpbaw-image-fit design-7 slides-column-1\" id=\"wpbaw-pro-blog-slider-1\">\r\n<div class=\"wpbaw-blog-slides wpbaw-blog-inner-wrap wpbaw-post-1417\">\r\n\t<div class=\"wpbaw-blog-grid-content\">\r\n\t\t<div class=\"wpbaw-blog-image-bg\" style=\"\">\r\n\t\t\t\t\t\t\t<a href=\"https:\/\/alsancakrotary.org\/en\/blog-post\/uye-yazilari\/\" target=\"_self\">\r\n\t\t\t\t\t<img decoding=\"async\" class=\"wpbaw-slider-img\" src=\"https:\/\/alsancakrotary.org\/wp-content\/uploads\/2016\/10\/bulent_senocak_yazilar.png\" alt=\"B\u00fclent \u015eenocak\"  \/>\r\n\t\t\t\t<\/a>\r\n\t\t\t\t\t\t\t<div class=\"wpbaw-blog-categories\"><a href=\"https:\/\/alsancakrotary.org\/blog-category\/uye-yazilari\/\" target=\"_self\">\u00dcye Yaz\u0131lar\u0131<\/a><\/div>\r\n\t\t\t\t\t<\/div>\r\n\r\n\t\t\t\t\t<h2 class=\"wpbaw-blog-title\">\r\n\t\t\t\t<a href=\"https:\/\/alsancakrotary.org\/en\/blog-post\/uye-yazilari\/\" target=\"_self\">B\u00fclent \u015eenocak<\/a>\r\n\t\t\t<\/h2>\r\n\t\t\t\t\t<div class=\"wpbaw-blog-content\">\r\n\t\t\t\t<div class=\"wpbaw-blog-short-content\"><\/div>\r\n\t\t\t\t\t\t\t\t<\/div>\r\n\t\t\t<\/div>\r\n<\/div>\r\n\t<\/div>\r\n<\/div>\n","protected":false},"excerpt":{"rendered":"","protected":false},"author":1,"featured_media":0,"parent":1953,"menu_order":0,"comment_status":"closed","ping_status":"closed","template":"","meta":{"footnotes":"","_links_to":"","_links_to_target":""},"class_list":["post-2189","page","type-page","status-publish","hentry"],"_links":{"self":[{"href":"https:\/\/alsancakrotary.org\/en\/wp-json\/wp\/v2\/pages\/2189","targetHints":{"allow":["GET"]}}],"collection":[{"href":"https:\/\/alsancakrotary.org\/en\/wp-json\/wp\/v2\/pages"}],"about":[{"href":"https:\/\/alsancakrotary.org\/en\/wp-json\/wp\/v2\/types\/page"}],"author":[{"embeddable":true,"href":"https:\/\/alsancakrotary.org\/en\/wp-json\/wp\/v2\/users\/1"}],"replies":[{"embeddable":true,"href":"https:\/\/alsancakrotary.org\/en\/wp-json\/wp\/v2\/comments?post=2189"}],"version-history":[{"count":2,"href":"https:\/\/alsancakrotary.org\/en\/wp-json\/wp\/v2\/pages\/2189\/revisions"}],"predecessor-version":[{"id":7605,"href":"https:\/\/alsancakrotary.org\/en\/wp-json\/wp\/v2\/pages\/2189\/revisions\/7605"}],"up":[{"embeddable":true,"href":"https:\/\/alsancakrotary.org\/en\/wp-json\/wp\/v2\/pages\/1953"}],"wp:attachment":[{"href":"https:\/\/alsancakrotary.org\/en\/wp-json\/wp\/v2\/media?parent=2189"}],"curies":[{"name":"wp","href":"https:\/\/api.w.org\/{rel}","templated":true}]}}