{"id":2255,"date":"2018-11-13T15:30:13","date_gmt":"2018-11-13T12:30:13","guid":{"rendered":"http:\/\/alsancakrotary.org\/?page_id=2255"},"modified":"2018-11-13T15:32:30","modified_gmt":"2018-11-13T12:32:30","slug":"2016-2017-term","status":"publish","type":"page","link":"https:\/\/alsancakrotary.org\/en\/publications\/bulletin\/2016-2017-term\/","title":{"rendered":"2016-2017 Term"},"content":{"rendered":"\n<table id=\"tablepress-6\" class=\"tablepress tablepress-id-6 tablepress-responsive\">\n<thead>\n<tr class=\"row-1\">\n\t<th class=\"column-1\">Bulletin<\/th><th class=\"column-2\">Date<\/th><th class=\"column-3\">Speaker<\/th><th class=\"column-4\">Topic<\/th><th class=\"column-5\">Bulletin File<\/th>\n<\/tr>\n<\/thead>\n<tbody class=\"row-striping row-hover\">\n<tr class=\"row-2\">\n\t<td class=\"column-1\">2031<\/td><td class=\"column-2\">22 Aral\u0131k 2017<\/td><td class=\"column-3\"><\/td><td class=\"column-4\">Biz Bize<\/td><td class=\"column-5\"><a href=\"http:\/\/alsancakrotary.org\/wp-content\/uploads\/2018\/01\/bulten2031.pdf\">View PDF<\/a><\/td>\n<\/tr>\n<tr class=\"row-3\">\n\t<td class=\"column-1\">2030<\/td><td class=\"column-2\">14 Aral\u0131k 2017<\/td><td class=\"column-3\">Sn.Alaattin Y\u00fcksel<\/td><td class=\"column-4\">\" \u0130zmir \"<\/td><td class=\"column-5\"><a href=\"http:\/\/alsancakrotary.org\/wp-content\/uploads\/2017\/12\/bulten2030.pdf\">View PDF<\/a><\/td>\n<\/tr>\n<tr class=\"row-4\">\n\t<td class=\"column-1\">2029<\/td><td class=\"column-2\">7 Aral\u0131k 2017<\/td><td class=\"column-3\">Ya\u015far Y\u00fcksek<\/td><td class=\"column-4\">Osmanl\u0131\u2019n\u0131n Almanlarca Neden ve Nas\u0131l d\u00fc\u015f\u00fcr\u00fcld\u00fc\u011f\u00fc <\/td><td class=\"column-5\"><a href=\"http:\/\/alsancakrotary.org\/wp-content\/uploads\/2017\/12\/bulten2029.pdf\">View PDF<\/a><\/td>\n<\/tr>\n<tr class=\"row-5\">\n\t<td class=\"column-1\">2028<\/td><td class=\"column-2\">23 Kas\u0131m 2017<\/td><td class=\"column-3\">Prof.Dr.\u0130brahim Ye\u011f\u00fcl<\/td><td class=\"column-4\">A\u011fr\u0131 Tedavisi(Algoloji)<\/td><td class=\"column-5\"><a href=\"http:\/\/alsancakrotary.org\/wp-content\/uploads\/2017\/11\/bulten2028.pdf\">View PDF<\/a><\/td>\n<\/tr>\n<tr class=\"row-6\">\n\t<td class=\"column-1\">2027<\/td><td class=\"column-2\">16 Kas\u0131m 2017<\/td><td class=\"column-3\">Prof.Dr.Tanju<\/td><td class=\"column-4\">T\u00fcrkiye\u2019deki toplumsal de\u011fi\u015fim ile ilgili bir konu\u015fma yapt\u0131<\/td><td class=\"column-5\"><a href=\"http:\/\/alsancakrotary.org\/wp-content\/uploads\/2017\/11\/bulten2027.pdf\">View PDF<\/a><\/td>\n<\/tr>\n<tr class=\"row-7\">\n\t<td class=\"column-1\">2026<\/td><td class=\"column-2\">9 Kas\u0131m 2017<\/td><td class=\"column-3\">Sn.Gu\u0308lperin Sertdemir<\/td><td class=\"column-4\">Alt\u0131ndan Anadolu I\u0307zleri Resim ve O\u0308zel Tasar\u0131m Tak\u0131 Sergisi<\/td><td class=\"column-5\"><a href=\"http:\/\/alsancakrotary.org\/wp-content\/uploads\/2017\/11\/bulten2026.pdf\">View PDF<\/a><\/td>\n<\/tr>\n<tr class=\"row-8\">\n\t<td class=\"column-1\">2025<\/td><td class=\"column-2\">2 Kas\u0131m 2017<\/td><td class=\"column-3\"><\/td><td class=\"column-4\">RTN.TUG\u0306C\u0327E KU\u0308C\u0327U\u0308KO\u0308REN \u201cBenim I\u0307s\u0327im\u201d<\/td><td class=\"column-5\"><a href=\"http:\/\/alsancakrotary.org\/wp-content\/uploads\/2017\/11\/bulten2025.pdf\">View PDF<\/a><\/td>\n<\/tr>\n<tr class=\"row-9\">\n\t<td class=\"column-1\">2024<\/td><td class=\"column-2\">27 Ekim 2017<\/td><td class=\"column-3\"><\/td><td class=\"column-4\">I\u0307s\u0327yeri Ziyareti-Ays\u0327egu\u0308l Kurtel\u2019in At c\u0327iftlig\u0306i<\/td><td class=\"column-5\"><a href=\"http:\/\/alsancakrotary.org\/wp-content\/uploads\/2017\/10\/bulten2024.pdf\">View PDF<\/a><\/td>\n<\/tr>\n<tr class=\"row-10\">\n\t<td class=\"column-1\">2022<\/td><td class=\"column-2\">12 Ekim 2017<\/td><td class=\"column-3\">Sn.Ahmet Tuncer <\/td><td class=\"column-4\">Mehmetc\u0327ik Vakf\u0131<\/td><td class=\"column-5\"><a href=\"http:\/\/alsancakrotary.org\/wp-content\/uploads\/2017\/10\/bulten2022.pdf\">View PDF<\/a><\/td>\n<\/tr>\n<tr class=\"row-11\">\n\t<td class=\"column-1\">2021<\/td><td class=\"column-2\">5 Ekim 2017<\/td><td class=\"column-3\"><\/td><td class=\"column-4\">GUVERNO\u0308R ZI\u0307YARETI\u0307 (ES\u0327LI\u0307)<\/td><td class=\"column-5\"><a href=\"http:\/\/alsancakrotary.org\/wp-content\/uploads\/2017\/10\/bulten2021.pdf\">View PDF<\/a><\/td>\n<\/tr>\n<tr class=\"row-12\">\n\t<td class=\"column-1\">2020<\/td><td class=\"column-2\">28 Eyl\u00fcl 2017<\/td><td class=\"column-3\"><\/td><td class=\"column-4\">Kul\u00fcp Asamblesi<br \/>\n(Guv.Yard.O\u0308ZLEM TUG\u0306RUL ile)<\/td><td class=\"column-5\"><a href=\"http:\/\/alsancakrotary.org\/wp-content\/uploads\/2017\/10\/bulten2020.pdf\">View PDF<\/a><\/td>\n<\/tr>\n<tr class=\"row-13\">\n\t<td class=\"column-1\">2019<\/td><td class=\"column-2\">21 Eyl\u00fcl 2017<\/td><td class=\"column-3\">Sn.H\u00fcseyin Aslan<\/td><td class=\"column-4\">Kentles\u0327me ve Kentsel Do\u0308nu\u0308s\u0327u\u0308m<\/td><td class=\"column-5\"><a href=\"http:\/\/alsancakrotary.org\/wp-content\/uploads\/2017\/09\/bulten2019.pdf\">View PDF<\/a><\/td>\n<\/tr>\n<tr class=\"row-14\">\n\t<td class=\"column-1\">2018<\/td><td class=\"column-2\">14 Eyl\u00fcl 2017<\/td><td class=\"column-3\">Rtn. Ya\u015far Y\u00fcksek<\/td><td class=\"column-4\">Peru An\u0131lar\u0131<\/td><td class=\"column-5\"><a href=\"http:\/\/alsancakrotary.org\/wp-content\/uploads\/2017\/09\/bulten2018.pdf\">View PDF<\/a><\/td>\n<\/tr>\n<tr class=\"row-15\">\n\t<td class=\"column-1\">2017<\/td><td class=\"column-2\">7 Eyl\u00fcl 2017<\/td><td class=\"column-3\">Prof. Dr. Mehmet Ali \u00d6ktem<\/td><td class=\"column-4\">Srilanka\u2019n\u0131n Yaban Hayat\u0131<\/td><td class=\"column-5\"><a href=\"http:\/\/alsancakrotary.org\/wp-content\/uploads\/2017\/09\/bulten2017.pdf\">View PDF<\/a><\/td>\n<\/tr>\n<tr class=\"row-16\">\n\t<td class=\"column-1\">2016<\/td><td class=\"column-2\">24 A\u011fustos 2017<\/td><td class=\"column-3\">Sn.Dr. Mustafa \u0130du\u011f<\/td><td class=\"column-4\">\u201cKus\u0327aklar Gec\u0327is\u0327i\u201dAile<br \/>\nS\u0327irketlerinde Kurumsall\u0131k\u201d<\/td><td class=\"column-5\"><a href=\"http:\/\/alsancakrotary.org\/wp-content\/uploads\/2017\/09\/bulten2016.pdf\">View PDF<\/a><\/td>\n<\/tr>\n<tr class=\"row-17\">\n\t<td class=\"column-1\">2015<\/td><td class=\"column-2\">17 A\u011fustos 2017<\/td><td class=\"column-3\"><\/td><td class=\"column-4\">Biz Bize<\/td><td class=\"column-5\"><a href=\"http:\/\/alsancakrotary.org\/wp-content\/uploads\/2017\/08\/bulten2015.pdf\">View PDF<\/a><\/td>\n<\/tr>\n<tr class=\"row-18\">\n\t<td class=\"column-1\">2014<\/td><td class=\"column-2\">10 A\u011fustos 2017<\/td><td class=\"column-3\"><\/td><td class=\"column-4\">E\u015fli Yaz Yeme\u011fi<\/td><td class=\"column-5\"><a href=\"http:\/\/alsancakrotary.org\/wp-content\/uploads\/2017\/08\/bulten2014.pdf\">View PDF<\/a><\/td>\n<\/tr>\n<tr class=\"row-19\">\n\t<td class=\"column-1\">2013<\/td><td class=\"column-2\">3 A\u011fustos 2017<\/td><td class=\"column-3\"><\/td><td class=\"column-4\">Kul\u00fcp Asamblesi<\/td><td class=\"column-5\"><a href=\"http:\/\/alsancakrotary.org\/wp-content\/uploads\/2017\/08\/bulten2013.pdf\">View PDF<\/a><\/td>\n<\/tr>\n<tr class=\"row-20\">\n\t<td class=\"column-1\">2012<\/td><td class=\"column-2\">27 Temmuz 2017<\/td><td class=\"column-3\">Rtn. Aytu\u0308l Bu\u0308yu\u0308ksarac\u0327<\/td><td class=\"column-4\">Kul\u00fcp Asamblesi<br \/>\n\u201co\u0308zel konular\u201d<\/td><td class=\"column-5\"><a href=\"http:\/\/alsancakrotary.org\/wp-content\/uploads\/2017\/07\/bulten2012.pdf\">View PDF<\/a><\/td>\n<\/tr>\n<tr class=\"row-21\">\n\t<td class=\"column-1\">2011<\/td><td class=\"column-2\">20 Temmuz 2017<\/td><td class=\"column-3\"><\/td><td class=\"column-4\">Kul\u00fcp Asamblesi<br \/>\n\u201cKulu\u0308p ic\u0327i o\u0308zel konular\u201d<\/td><td class=\"column-5\"><a href=\"http:\/\/alsancakrotary.org\/wp-content\/uploads\/2017\/07\/bulten2011.pdf\">View PDF<\/a><\/td>\n<\/tr>\n<tr class=\"row-22\">\n\t<td class=\"column-1\">2010<\/td><td class=\"column-2\">13 Temmuz 2017<\/td><td class=\"column-3\">Prof. Dr. Erkan Sevin\u00e7<\/td><td class=\"column-4\">\u201cI\u0307zmir\u2019de Medya\u201d<\/td><td class=\"column-5\"><a href=\"http:\/\/alsancakrotary.org\/wp-content\/uploads\/2017\/07\/bulten2010.pdf\">View PDF<\/a><\/td>\n<\/tr>\n<tr class=\"row-23\">\n\t<td class=\"column-1\">2009<\/td><td class=\"column-2\">6 Temmuz 2017<\/td><td class=\"column-3\">Ba\u015fkan: Kemal Aktu\u011flu<\/td><td class=\"column-4\">Kul\u00fcp Asamblesi 2017-2018 D\u00f6nemi Program\u0131n\u0131n<br \/>\nSunulmas\u0131<\/td><td class=\"column-5\"><a href=\"http:\/\/alsancakrotary.org\/wp-content\/uploads\/2017\/07\/bulten2009.pdf\">View PDF<\/a><\/td>\n<\/tr>\n<tr class=\"row-24\">\n\t<td class=\"column-1\">2008<\/td><td class=\"column-2\">29 Haziran 2017<\/td><td class=\"column-3\"><\/td><td class=\"column-4\">Ola\u011fan Genel Kurul<\/td><td class=\"column-5\"><a href=\"http:\/\/alsancakrotary.org\/wp-content\/uploads\/2017\/07\/bulten2008.pdf\">View PDF<\/a><\/td>\n<\/tr>\n<tr class=\"row-25\">\n\t<td class=\"column-1\">2007<\/td><td class=\"column-2\">22 Haziran 2017<\/td><td class=\"column-3\"><\/td><td class=\"column-4\">Kul\u00fcp Asamblesi<\/td><td class=\"column-5\"><a href=\"http:\/\/alsancakrotary.org\/wp-content\/uploads\/2017\/06\/bulten2007.pdf\">View PDF<\/a><\/td>\n<\/tr>\n<tr class=\"row-26\">\n\t<td class=\"column-1\">2006<\/td><td class=\"column-2\">15 Haziran 2017<\/td><td class=\"column-3\">Rtn. b\u00fclent \u015eenocak <\/td><td class=\"column-4\">Kan \u0130ftiras\u0131<\/td><td class=\"column-5\"><a href=\"http:\/\/alsancakrotary.org\/wp-content\/uploads\/2017\/06\/bulten2006.pdf\">View PDF<\/a><\/td>\n<\/tr>\n<tr class=\"row-27\">\n\t<td class=\"column-1\">2005<\/td><td class=\"column-2\">8 Haziran 2017<\/td><td class=\"column-3\"><\/td><td class=\"column-4\">Devir Teslim T\u00f6reni<\/td><td class=\"column-5\"><a href=\"http:\/\/alsancakrotary.org\/wp-content\/uploads\/2017\/06\/bulten2005.pdf\">View PDF<\/a><\/td>\n<\/tr>\n<tr class=\"row-28\">\n\t<td class=\"column-1\">2004<\/td><td class=\"column-2\">1 Haziran 2017<\/td><td class=\"column-3\"><\/td><td class=\"column-4\">Ayerya R\u00fczgarli Vadi \u00c7iftli\u011fi<\/td><td class=\"column-5\"><a href=\"http:\/\/alsancakrotary.org\/wp-content\/uploads\/2017\/06\/bulten2004.pdf\">View PDF<\/a><\/td>\n<\/tr>\n<tr class=\"row-29\">\n\t<td class=\"column-1\">2003<\/td><td class=\"column-2\">25 May\u0131s 2017<\/td><td class=\"column-3\"><\/td><td class=\"column-4\">Kul\u00fcp Asamblesi<\/td><td class=\"column-5\"><a href=\"http:\/\/alsancakrotary.org\/wp-content\/uploads\/2017\/06\/bulten2003.pdf\">View PDF<\/a><\/td>\n<\/tr>\n<tr class=\"row-30\">\n\t<td class=\"column-1\">2002<\/td><td class=\"column-2\">18 May\u0131s 2017<\/td><td class=\"column-3\"><\/td><td class=\"column-4\">Kul\u00fcp Asamblesi<\/td><td class=\"column-5\"><a href=\"http:\/\/alsancakrotary.org\/wp-content\/uploads\/2017\/06\/bulten2002.pdf\">View PDF<\/a><\/td>\n<\/tr>\n<tr class=\"row-31\">\n\t<td class=\"column-1\">2001<\/td><td class=\"column-2\">11 May\u0131s 2017<\/td><td class=\"column-3\">Sn. G\u00fcl\u00e7in Okay <br \/>\nSn. Tezcan Okay<\/td><td class=\"column-4\">I\u0307zmir\u2019de Gayrimenkul Yo\u0308netimi Nereye<br \/>\nGidiyor?<\/td><td class=\"column-5\"><a href=\"http:\/\/alsancakrotary.org\/wp-content\/uploads\/2017\/06\/bulten2001.pdf\">View PDF<\/a><\/td>\n<\/tr>\n<tr class=\"row-32\">\n\t<td class=\"column-1\">2000<\/td><td class=\"column-2\">27 Nisan 2017<\/td><td class=\"column-3\"><\/td><td class=\"column-4\">\u0130\u015fyeri Ziyareti<\/td><td class=\"column-5\"><a href=\"http:\/\/alsancakrotary.org\/wp-content\/uploads\/2017\/06\/bulten2000.pdf\">View PDF<\/a><\/td>\n<\/tr>\n<tr class=\"row-33\">\n\t<td class=\"column-1\">1999<\/td><td class=\"column-2\">20 Nisan 2017<\/td><td class=\"column-3\">Sn.Ergun Aybars<br \/>\nSn.Nurhan Atasoy<\/td><td class=\"column-4\">Cumhuriyet ve Laiklik<\/td><td class=\"column-5\"><a href=\"http:\/\/alsancakrotary.org\/wp-content\/uploads\/2017\/06\/bulten1999.pdf\">View PDF<\/a><\/td>\n<\/tr>\n<tr class=\"row-34\">\n\t<td class=\"column-1\">1998<\/td><td class=\"column-2\">13 Nisan 2017<\/td><td class=\"column-3\"><\/td><td class=\"column-4\">40. Kurulu\u015f Y\u0131ld\u00f6n\u00fcm\u00fc<\/td><td class=\"column-5\"><a href=\"http:\/\/alsancakrotary.org\/wp-content\/uploads\/2017\/06\/bulten1998.pdf\">View PDF<\/a><\/td>\n<\/tr>\n<tr class=\"row-35\">\n\t<td class=\"column-1\">1997<\/td><td class=\"column-2\">30 Mart 2017<\/td><td class=\"column-3\">Sn. Eser Atak<br \/>\nSn. Selin Yi\u011fito\u011flu<\/td><td class=\"column-4\">Planlanan Son Do\u0308nem Projeler<\/td><td class=\"column-5\"><a href=\"http:\/\/alsancakrotary.org\/wp-content\/uploads\/2017\/06\/bulten1997.pdf\">View PDF<\/a><\/td>\n<\/tr>\n<tr class=\"row-36\">\n\t<td class=\"column-1\">1996<\/td><td class=\"column-2\">30 Mart 2017<\/td><td class=\"column-3\">Sn. U\u011fur Y\u00fcce<\/td><td class=\"column-4\"><\/td><td class=\"column-5\"><a href=\"http:\/\/alsancakrotary.org\/wp-content\/uploads\/2017\/06\/bulten1996.pdf\">View PDF<\/a><\/td>\n<\/tr>\n<tr class=\"row-37\">\n\t<td class=\"column-1\">1995<\/td><td class=\"column-2\">23 Mart 2017<\/td><td class=\"column-3\"><\/td><td class=\"column-4\">Akb\u0131y\u0131k Et D\u00f6ner Restoran<\/td><td class=\"column-5\"><a href=\"http:\/\/alsancakrotary.org\/wp-content\/uploads\/2017\/06\/bulten1995.pdf\">View PDF<\/a><\/td>\n<\/tr>\n<tr class=\"row-38\">\n\t<td class=\"column-1\">1994<\/td><td class=\"column-2\">16 Mart 2017<\/td><td class=\"column-3\">Rtn. Necdet B\u00fcy\u00fckbay<\/td><td class=\"column-4\">Karnavallar ve Festivaller<\/td><td class=\"column-5\"><a href=\"http:\/\/alsancakrotary.org\/wp-content\/uploads\/2017\/06\/bulten1994.pdf\">View PDF<\/a><\/td>\n<\/tr>\n<tr class=\"row-39\">\n\t<td class=\"column-1\">1993<\/td><td class=\"column-2\">9 Mart 2017<\/td><td class=\"column-3\"><\/td><td class=\"column-4\">Kul\u00fcp Asamblesi<br \/>\n<\/td><td class=\"column-5\"><a href=\"http:\/\/alsancakrotary.org\/wp-content\/uploads\/2017\/06\/bulten1993.pdf\">View PDF<\/a><\/td>\n<\/tr>\n<tr class=\"row-40\">\n\t<td class=\"column-1\">1992<\/td><td class=\"column-2\">2 Mart 2017<\/td><td class=\"column-3\"><\/td><td class=\"column-4\">Kul\u00fcp Asamblesi<br \/>\n(Genc\u0327 Solist Yar\u0131s\u0327mas\u0131)<\/td><td class=\"column-5\"><a href=\"http:\/\/alsancakrotary.org\/wp-content\/uploads\/2017\/06\/bulten1992.pdf\">View PDF<\/a><\/td>\n<\/tr>\n<tr class=\"row-41\">\n\t<td class=\"column-1\">1991<\/td><td class=\"column-2\">23 S\u0327ubat 2017<\/td><td class=\"column-3\">Sn.Rag\u0131p Bulu\u00e7<\/td><td class=\"column-4\">10. Ulusal Gen\u00e7 Solist<br \/>\nKu\u0308ltu\u0308rler Aras\u0131 Sentez ve Yeni Mimarl\u0131k<\/td><td class=\"column-5\"><a href=\"http:\/\/alsancakrotary.org\/wp-content\/uploads\/2017\/06\/bulten1991.pdf\">View PDF<\/a><\/td>\n<\/tr>\n<tr class=\"row-42\">\n\t<td class=\"column-1\">1990<\/td><td class=\"column-2\">16 S\u0327ubat 2017<\/td><td class=\"column-3\"><\/td><td class=\"column-4\">10. Ulusal Gen\u00e7 Solist<br \/>\nYar\u0131\u015fmas\u0131 Gala Gecesi<\/td><td class=\"column-5\"><a href=\"http:\/\/alsancakrotary.org\/wp-content\/uploads\/2017\/06\/bulten1990.pdf\">View PDF<\/a><\/td>\n<\/tr>\n<tr class=\"row-43\">\n\t<td class=\"column-1\">1989<\/td><td class=\"column-2\">10 S\u0327ubat 2017<\/td><td class=\"column-3\"><\/td><td class=\"column-4\">Sevgililer G\u00fcn\u00fc<br \/>\nYeme\u011fi<\/td><td class=\"column-5\"><a href=\"http:\/\/alsancakrotary.org\/wp-content\/uploads\/2017\/06\/bulten1989.pdf\">View PDF<\/a><\/td>\n<\/tr>\n<tr class=\"row-44\">\n\t<td class=\"column-1\">1988<\/td><td class=\"column-2\">02 S\u0327ubat 2017<\/td><td class=\"column-3\">Sn.U\u0308mit I\u0307s\u0327go\u0308ru\u0308r<\/td><td class=\"column-4\">Meslek Hizmet \u00d6d\u00fcl\u00fc<\/td><td class=\"column-5\"><a href=\"http:\/\/alsancakrotary.org\/wp-content\/uploads\/2017\/06\/bulten1988.pdf\">View PDF<\/a><\/td>\n<\/tr>\n<tr class=\"row-45\">\n\t<td class=\"column-1\">1987<\/td><td class=\"column-2\">26 Ocak 2017<\/td><td class=\"column-3\"><\/td><td class=\"column-4\">Guvern\u00f6r Ziyareti (E\u015fli)<\/td><td class=\"column-5\"><a href=\"http:\/\/alsancakrotary.org\/wp-content\/uploads\/2017\/06\/bulten1987.pdf\">View PDF<\/a><\/td>\n<\/tr>\n<tr class=\"row-46\">\n\t<td class=\"column-1\">1986<\/td><td class=\"column-2\">19 Ocak 2017<\/td><td class=\"column-3\"><\/td><td class=\"column-4\">Kul\u00fcp Asamblesi <br \/>\nGuv. Yard\u0131mc\u0131s\u0131 H\u00fclya<br \/>\nKaraduman \u0130le<\/td><td class=\"column-5\"><a href=\"http:\/\/alsancakrotary.org\/wp-content\/uploads\/2017\/06\/bulten1986.pdf\">View PDF<\/a><\/td>\n<\/tr>\n<tr class=\"row-47\">\n\t<td class=\"column-1\">1985<\/td><td class=\"column-2\">12 Ocak 2017<\/td><td class=\"column-3\">G\u00fcrsel Hanc\u0131<\/td><td class=\"column-4\">Ba\u015fkanlar G\u00fcn\u00fc<\/td><td class=\"column-5\"><a href=\"http:\/\/alsancakrotary.org\/wp-content\/uploads\/2017\/06\/bulten1985.pdf\">View PDF<\/a><\/td>\n<\/tr>\n<tr class=\"row-48\">\n\t<td class=\"column-1\">1984<\/td><td class=\"column-2\">5 Ocak 2017<\/td><td class=\"column-3\"><\/td><td class=\"column-4\">Kul\u00fcp Asamblesi<\/td><td class=\"column-5\"><a href=\"http:\/\/alsancakrotary.org\/wp-content\/uploads\/2017\/06\/bulten1984.pdf\">View PDF<\/a><\/td>\n<\/tr>\n<tr class=\"row-49\">\n\t<td class=\"column-1\">1983<\/td><td class=\"column-2\">29 Aral\u0131k 2016<\/td><td class=\"column-3\"><\/td><td class=\"column-4\">Geleneksel Yilba\u015fi Kutlamasi-e\u015fli<\/td><td class=\"column-5\"><a href=\"http:\/\/alsancakrotary.org\/wp-content\/uploads\/2017\/06\/bulten1983.pdf\">View PDF<\/a><\/td>\n<\/tr>\n<tr class=\"row-50\">\n\t<td class=\"column-1\">1982<\/td><td class=\"column-2\">22 Aral\u0131k 2016<\/td><td class=\"column-3\"><\/td><td class=\"column-4\">\u0130pek Ert\u00fcrk Kitapl\u0131\u011f\u0131<\/td><td class=\"column-5\"><a href=\"http:\/\/alsancakrotary.org\/wp-content\/uploads\/2017\/06\/bulten1982.pdf\">View PDF<\/a><\/td>\n<\/tr>\n<tr class=\"row-51\">\n\t<td class=\"column-1\">1981<\/td><td class=\"column-2\">15 Aral\u0131k 2016<\/td><td class=\"column-3\">Sn. G\u00fclten Taran\u00e7<\/td><td class=\"column-4\">Yo\u0308netmen Gu\u0308lten Taranc\u0327\u2019\u0131n ilk-<br \/>\nson filmlerinin hikayesi ve Tu\u0308rk Sinemas\u0131 Nereye Gidiyor?<\/td><td class=\"column-5\"><a href=\"http:\/\/alsancakrotary.org\/wp-content\/uploads\/2017\/06\/bulten1981.pdf\">View PDF<\/a><\/td>\n<\/tr>\n<tr class=\"row-52\">\n\t<td class=\"column-1\">1980<\/td><td class=\"column-2\">8 Aral\u0131k 2016<\/td><td class=\"column-3\"><\/td><td class=\"column-4\">Mithat Sucuog\u0306lu-Rotary Vakf\u0131<\/td><td class=\"column-5\"><a href=\"http:\/\/alsancakrotary.org\/wp-content\/uploads\/2017\/06\/bulten1980.pdf\">View PDF<\/a><\/td>\n<\/tr>\n<tr class=\"row-53\">\n\t<td class=\"column-1\">1979<\/td><td class=\"column-2\">1 Aral\u0131k 2016<\/td><td class=\"column-3\"><\/td><td class=\"column-4\">Kul\u00fcp Asamblesi<\/td><td class=\"column-5\"><a href=\"http:\/\/alsancakrotary.org\/wp-content\/uploads\/2017\/06\/bulten1979.pdf\">View PDF<\/a><\/td>\n<\/tr>\n<tr class=\"row-54\">\n\t<td class=\"column-1\">1978<\/td><td class=\"column-2\">24 Kas\u0131m 2016<\/td><td class=\"column-3\">Sn. Y\u00fccel Kale<\/td><td class=\"column-4\">Art Bag Sanat C\u0327antalar\u0131<br \/>\nSergisi<\/td><td class=\"column-5\"><a href=\"http:\/\/alsancakrotary.org\/wp-content\/uploads\/2017\/06\/bulten1978.pdf\">View PDF<\/a><\/td>\n<\/tr>\n<tr class=\"row-55\">\n\t<td class=\"column-1\">1977<\/td><td class=\"column-2\">17 Kas\u0131m 2016<\/td><td class=\"column-3\">Ya\u015far Y\u00fcksek<\/td><td class=\"column-4\">Tu\u0308rkiye I\u0307c\u0327in Bir Kalk\u0131nma F\u0131rsat\u0131<br \/>\nOlarak Vadeli Akreditif<\/td><td class=\"column-5\"><a href=\"http:\/\/alsancakrotary.org\/wp-content\/uploads\/2017\/06\/bulten1977.pdf\">View PDF<\/a><\/td>\n<\/tr>\n<tr class=\"row-56\">\n\t<td class=\"column-1\">1976<\/td><td class=\"column-2\">10 Kas\u0131m 2016<\/td><td class=\"column-3\"><\/td><td class=\"column-4\">\u0130\u015fyeri Ziyareti <br \/>\nLevent Us\u0327kay\u2019\u0131n Yag\u0306hanesi Ayasaranda<\/td><td class=\"column-5\"><a href=\"http:\/\/alsancakrotary.org\/wp-content\/uploads\/2017\/06\/bulten1976.pdf\">View PDF<\/a><\/td>\n<\/tr>\n<tr class=\"row-57\">\n\t<td class=\"column-1\">1975<\/td><td class=\"column-2\">3 Kas\u0131m 2016<\/td><td class=\"column-3\"><\/td><td class=\"column-4\">Kul\u00fcp Asamblesi<\/td><td class=\"column-5\"><a href=\"http:\/\/alsancakrotary.org\/wp-content\/uploads\/2017\/06\/bulten1975.pdf\">View PDF<\/a><\/td>\n<\/tr>\n<tr class=\"row-58\">\n\t<td class=\"column-1\">1974<\/td><td class=\"column-2\">26 Ekim 2016<\/td><td class=\"column-3\">Umut Oran<\/td><td class=\"column-4\">Ortak Toplant\u0131<\/td><td class=\"column-5\">Haz\u0131rlan\u0131yor<\/td>\n<\/tr>\n<tr class=\"row-59\">\n\t<td class=\"column-1\">1973<\/td><td class=\"column-2\">20 Ekim 2016<\/td><td class=\"column-3\">Levent Akgerman<\/td><td class=\"column-4\">Payla\u015f\u0131m Ekonomisi<\/td><td class=\"column-5\"><a href=\"http:\/\/alsancakrotary.org\/wp-content\/uploads\/2016\/10\/bulten1974.pdf\">View PDF<\/a><\/td>\n<\/tr>\n<tr class=\"row-60\">\n\t<td class=\"column-1\">1972<\/td><td class=\"column-2\">13 Ekim 2016<\/td><td class=\"column-3\">Mehmet Ali Bodur<\/td><td class=\"column-4\">I\u0307zmir\u2019de Ak\u0131ll\u0131 Trafik Sistemi<\/td><td class=\"column-5\"><a href=\"http:\/\/alsancakrotary.org\/wp-content\/uploads\/2016\/10\/bulten1973.pdf\">View PDF<\/a><\/td>\n<\/tr>\n<tr class=\"row-61\">\n\t<td class=\"column-1\">1971<\/td><td class=\"column-2\">5 Ekim 2016<\/td><td class=\"column-3\">Nam\u0131k Tan<\/td><td class=\"column-4\">B\u00fcy\u00fck D\u00fc\u015f\u00fcnmenin \u00d6nemi<\/td><td class=\"column-5\"><a href=\"http:\/\/alsancakrotary.org\/wp-content\/uploads\/2016\/10\/bulten1972.pdf\">View PDF<\/a><\/td>\n<\/tr>\n<tr class=\"row-62\">\n\t<td class=\"column-1\">1970<\/td><td class=\"column-2\">29 Eylu\u0308l 2016<\/td><td class=\"column-3\"><\/td><td class=\"column-4\">Kul\u00fcp Asamblesi<\/td><td class=\"column-5\"><a href=\"http:\/\/alsancakrotary.org\/wp-content\/uploads\/2016\/10\/bulten1971.pdf\">View PDF<\/a><\/td>\n<\/tr>\n<tr class=\"row-63\">\n\t<td class=\"column-1\">1969<\/td><td class=\"column-2\">22 Eylu\u0308l 2016 <\/td><td class=\"column-3\"><\/td><td class=\"column-4\">Kul\u00fcp Asamblesi<\/td><td class=\"column-5\"><a href=\"http:\/\/alsancakrotary.org\/wp-content\/uploads\/2016\/10\/bulten1970.pdf\">View PDF<\/a><\/td>\n<\/tr>\n<tr class=\"row-64\">\n\t<td class=\"column-1\">1968<\/td><td class=\"column-2\">8 Eylu\u0308l 2016<\/td><td class=\"column-3\"><\/td><td class=\"column-4\">\u00d6ner Akgerman\u2019in Mordo\u011fan'daki Bal\u0131k \u00c7iftli\u011fi<\/td><td class=\"column-5\"><a href=\"http:\/\/alsancakrotary.org\/wp-content\/uploads\/2016\/10\/bulten1969.pdf\">View PDF<\/a><\/td>\n<\/tr>\n<tr class=\"row-65\">\n\t<td class=\"column-1\">1967<\/td><td class=\"column-2\">1 Eylu\u0308l 2016<\/td><td class=\"column-3\"><\/td><td class=\"column-4\">Geleneksel Yaz Yeme\u011fi<\/td><td class=\"column-5\"><a href=\"http:\/\/alsancakrotary.org\/wp-content\/uploads\/2016\/10\/bulten1968.pdf\">View PDF<\/a><\/td>\n<\/tr>\n<tr class=\"row-66\">\n\t<td class=\"column-1\">1966<\/td><td class=\"column-2\">26 A\u011fustos 2016<\/td><td class=\"column-3\"><\/td><td class=\"column-4\">E\u015fli Yaz Gecesi \u00c7e\u015fme<\/td><td class=\"column-5\"><a href=\"http:\/\/alsancakrotary.org\/wp-content\/uploads\/2016\/10\/bulten1967.pdf\">View PDF<\/a><\/td>\n<\/tr>\n<tr class=\"row-67\">\n\t<td class=\"column-1\">1959<\/td><td class=\"column-2\">23 Haziran 2016<\/td><td class=\"column-3\">Justin Mcccarthy<\/td><td class=\"column-4\">Sava\u015fta ve Bar\u0131\u015fta Atat\u00fcrk<\/td><td class=\"column-5\"><a href=\"http:\/\/alsancakrotary.org\/wp-content\/uploads\/2016\/10\/bulten1966.pdf\">View PDF<\/a><\/td>\n<\/tr>\n<tr class=\"row-68\">\n\t<td class=\"column-1\">1958<\/td><td class=\"column-2\">16 Haziran 2016<\/td><td class=\"column-3\">Levent U\u015fkay<\/td><td class=\"column-4\">Kud\u00fcs<\/td><td class=\"column-5\"><a href=\"http:\/\/alsancakrotary.org\/wp-content\/uploads\/2016\/10\/1466160871bulten1959S.pdf\">View PDF<\/a><\/td>\n<\/tr>\n<tr class=\"row-69\">\n\t<td class=\"column-1\">1957<\/td><td class=\"column-2\">9 Haziran 2016<\/td><td class=\"column-3\">Ertu\u011frul Do\u011fu\u00e7<\/td><td class=\"column-4\">\u00c7a\u011fda\u015f \u0130nan\u00e7 D\u00fcnyam\u0131z<\/td><td class=\"column-5\"><a href=\"http:\/\/alsancakrotary.org\/wp-content\/uploads\/2016\/10\/1465557876bulten1958.pdf\">View PDF<\/a><\/td>\n<\/tr>\n<tr class=\"row-70\">\n\t<td class=\"column-1\">1956<\/td><td class=\"column-2\">2 Haziran 2016<\/td><td class=\"column-3\"><\/td><td class=\"column-4\">Kul\u00fcp Asamblesi<\/td><td class=\"column-5\"><a href=\"http:\/\/alsancakrotary.org\/wp-content\/uploads\/2016\/10\/1465301670bulten1957.pdf\">View PDF<\/a><\/td>\n<\/tr>\n<\/tbody>\n<\/table>\n<!-- #tablepress-6 from cache -->\n","protected":false},"excerpt":{"rendered":"","protected":false},"author":1,"featured_media":0,"parent":2181,"menu_order":0,"comment_status":"closed","ping_status":"closed","template":"","meta":{"footnotes":"","_links_to":"","_links_to_target":""},"class_list":["post-2255","page","type-page","status-publish","hentry"],"_links":{"self":[{"href":"https:\/\/alsancakrotary.org\/en\/wp-json\/wp\/v2\/pages\/2255","targetHints":{"allow":["GET"]}}],"collection":[{"href":"https:\/\/alsancakrotary.org\/en\/wp-json\/wp\/v2\/pages"}],"about":[{"href":"https:\/\/alsancakrotary.org\/en\/wp-json\/wp\/v2\/types\/page"}],"author":[{"embeddable":true,"href":"https:\/\/alsancakrotary.org\/en\/wp-json\/wp\/v2\/users\/1"}],"replies":[{"embeddable":true,"href":"https:\/\/alsancakrotary.org\/en\/wp-json\/wp\/v2\/comments?post=2255"}],"version-history":[{"count":2,"href":"https:\/\/alsancakrotary.org\/en\/wp-json\/wp\/v2\/pages\/2255\/revisions"}],"predecessor-version":[{"id":2264,"href":"https:\/\/alsancakrotary.org\/en\/wp-json\/wp\/v2\/pages\/2255\/revisions\/2264"}],"up":[{"embeddable":true,"href":"https:\/\/alsancakrotary.org\/en\/wp-json\/wp\/v2\/pages\/2181"}],"wp:attachment":[{"href":"https:\/\/alsancakrotary.org\/en\/wp-json\/wp\/v2\/media?parent=2255"}],"curies":[{"name":"wp","href":"https:\/\/api.w.org\/{rel}","templated":true}]}}