{"id":2259,"date":"2018-11-13T15:30:59","date_gmt":"2018-11-13T12:30:59","guid":{"rendered":"http:\/\/alsancakrotary.org\/?page_id=2259"},"modified":"2018-11-13T15:32:55","modified_gmt":"2018-11-13T12:32:55","slug":"2017-2018-term","status":"publish","type":"page","link":"https:\/\/alsancakrotary.org\/en\/publications\/bulletin\/2017-2018-term\/","title":{"rendered":"2017-2018 Term"},"content":{"rendered":"\n<table id=\"tablepress-8\" class=\"tablepress tablepress-id-8 tablepress-responsive\">\n<thead>\n<tr class=\"row-1\">\n\t<th class=\"column-1\">Bulletin<\/th><th class=\"column-2\">Date<\/th><th class=\"column-3\">Speaker<\/th><th class=\"column-4\">Topic<\/th><th class=\"column-5\">Bulletin File<\/th>\n<\/tr>\n<\/thead>\n<tbody class=\"row-striping row-hover\">\n<tr class=\"row-2\">\n\t<td class=\"column-1\">2073<\/td><td class=\"column-2\">20 December 2018<\/td><td class=\"column-3\"><\/td><td class=\"column-4\">E\u015eL\u0130 YILBA\u015eI YEME\u011e\u0130<\/td><td class=\"column-5\"><a href=\"http:\/\/alsancakrotary.org\/wp-content\/uploads\/2018\/12\/bulten2073y.pdf\">View PDF<\/a><\/td>\n<\/tr>\n<tr class=\"row-3\">\n\t<td class=\"column-1\">2072<\/td><td class=\"column-2\">13 December 2018<\/td><td class=\"column-3\">Sn.Hakan K\u0131l\u0131\u00e7lar<\/td><td class=\"column-4\">Karada\u011f\u2019daki i\u015f Yat\u0131r\u0131mlar\u0131<\/td><td class=\"column-5\"><a href=\"http:\/\/alsancakrotary.org\/wp-content\/uploads\/2018\/12\/bulten2072.pdf\">View PDF<\/a><\/td>\n<\/tr>\n<tr class=\"row-4\">\n\t<td class=\"column-1\">2071<\/td><td class=\"column-2\">6 December 2018<\/td><td class=\"column-3\"><\/td><td class=\"column-4\">Kul\u00fcp Asamblesi<\/td><td class=\"column-5\"><a href=\"http:\/\/alsancakrotary.org\/wp-content\/uploads\/2018\/12\/bulten2071.pdf\">View PDF<\/a><\/td>\n<\/tr>\n<tr class=\"row-5\">\n\t<td class=\"column-1\">2070<\/td><td class=\"column-2\">29 November 2018<\/td><td class=\"column-3\">Sn.Berna Sipahi<\/td><td class=\"column-4\">G\u00f6kten \u00dc\u00e7 Elma Du\u0308\u015fmu\u0308yor<\/td><td class=\"column-5\"><a href=\"http:\/\/alsancakrotary.org\/wp-content\/uploads\/2018\/12\/bulten2070.pdf\">View PDF<\/a><\/td>\n<\/tr>\n<tr class=\"row-6\">\n\t<td class=\"column-1\">2069<\/td><td class=\"column-2\">22 November 2018<\/td><td class=\"column-3\"><\/td><td class=\"column-4\">\u0130\u015eYER\u0130 Z\u0130YARET\u0130<br \/>\n\u201cOpera \u00c7ankaya Hizmet Binas\u0131\u201d<\/td><td class=\"column-5\"><a href=\"http:\/\/alsancakrotary.org\/wp-content\/uploads\/2018\/11\/bulten2069.pdf\">View PDF<\/a><\/td>\n<\/tr>\n<tr class=\"row-7\">\n\t<td class=\"column-1\">2068<\/td><td class=\"column-2\">15 November 2018<\/td><td class=\"column-3\">Mr. Zuhal G\u00fcr\u00e7imen<\/td><td class=\"column-4\">Ba\u015f\u0131ma Bir \u0130\u015f Geldi<\/td><td class=\"column-5\"><a href=\"http:\/\/alsancakrotary.org\/wp-content\/uploads\/2018\/11\/bulten2068.pdf\">View PDF<\/a><\/td>\n<\/tr>\n<tr class=\"row-8\">\n\t<td class=\"column-1\">2067<\/td><td class=\"column-2\">1 November 2018<\/td><td class=\"column-3\"><\/td><td class=\"column-4\">Biz Bize<\/td><td class=\"column-5\"><a href=\"http:\/\/alsancakrotary.org\/wp-content\/uploads\/2018\/11\/bulten2067.pdf\">View PDF<\/a><\/td>\n<\/tr>\n<tr class=\"row-9\">\n\t<td class=\"column-1\">2066<\/td><td class=\"column-2\">25 October 2018<\/td><td class=\"column-3\">Mr. Mahmut \u00d6zgener<\/td><td class=\"column-4\">Ortak Toplant\u0131<\/td><td class=\"column-5\"><a href=\"http:\/\/alsancakrotary.org\/wp-content\/uploads\/2018\/10\/bulten2066.pdf\">View PDF<\/a><\/td>\n<\/tr>\n<tr class=\"row-10\">\n\t<td class=\"column-1\">2065<\/td><td class=\"column-2\">18 October 2018<\/td><td class=\"column-3\"><\/td><td class=\"column-4\">Governor's Visit<\/td><td class=\"column-5\"><a href=\"http:\/\/alsancakrotary.org\/wp-content\/uploads\/2018\/10\/bulten2065.pdf\">View PDF<\/a><\/td>\n<\/tr>\n<tr class=\"row-11\">\n\t<td class=\"column-1\">2062<\/td><td class=\"column-2\">20 Eyl\u00fcl 2018<\/td><td class=\"column-3\"><\/td><td class=\"column-4\">\u0130\u015fyeri ziyareti<br \/>\n\"URLA TASARIM K\u00dcT\u00dcPHANES\u0130\"<\/td><td class=\"column-5\"><a href=\"http:\/\/alsancakrotary.org\/wp-content\/uploads\/2018\/09\/bulten2062.pdf\">View PDF<\/a><\/td>\n<\/tr>\n<tr class=\"row-12\">\n\t<td class=\"column-1\">2061Y<\/td><td class=\"column-2\">13 Eyl\u00fcl 2018<\/td><td class=\"column-3\">Sn. Fad\u0131l Sivri<\/td><td class=\"column-4\">Toplum 5.0 D\u00f6n\u00fc\u015f\u00fcm\u00fc.Bilin\u00e7, \u0130nsan ve Teknoloji<\/td><td class=\"column-5\"><a href=\"http:\/\/alsancakrotary.org\/wp-content\/uploads\/2018\/09\/bulten2061y.pdf\">View PDF<\/a><\/td>\n<\/tr>\n<tr class=\"row-13\">\n\t<td class=\"column-1\">2061<\/td><td class=\"column-2\">16 A\u011fustos 2018<\/td><td class=\"column-3\">Sn. \u00c7etin Erokay<\/td><td class=\"column-4\">Hobimiz Mesle\u011fimiz olur mu?<\/td><td class=\"column-5\"><a href=\"http:\/\/alsancakrotary.org\/wp-content\/uploads\/2018\/08\/bulten2061.pdf\">View PDF<\/a><\/td>\n<\/tr>\n<tr class=\"row-14\">\n\t<td class=\"column-1\">2060<\/td><td class=\"column-2\">2 A\u011fustos 2018<\/td><td class=\"column-3\"><\/td><td class=\"column-4\">Biz Bize<\/td><td class=\"column-5\"><a href=\"http:\/\/alsancakrotary.org\/wp-content\/uploads\/2018\/08\/bulten2060.pdf\">View PDF<\/a><\/td>\n<\/tr>\n<tr class=\"row-15\">\n\t<td class=\"column-1\">2059<\/td><td class=\"column-2\">26Temmuz 2018<\/td><td class=\"column-3\"><\/td><td class=\"column-4\">Ay\u015fe Kulin Ne Yazar?<\/td><td class=\"column-5\"><a href=\"http:\/\/alsancakrotary.org\/wp-content\/uploads\/2018\/08\/bulten2059.pdf\">View PDF<\/a><\/td>\n<\/tr>\n<tr class=\"row-16\">\n\t<td class=\"column-1\">2058<\/td><td class=\"column-2\">19 Temmuz 2018<\/td><td class=\"column-3\"><\/td><td class=\"column-4\">Kul\u00fcp Asamblesi<\/td><td class=\"column-5\"><a href=\"http:\/\/alsancakrotary.org\/wp-content\/uploads\/2018\/08\/bulten2058.pdf\">View PDF<\/a><\/td>\n<\/tr>\n<tr class=\"row-17\">\n\t<td class=\"column-1\">2057<\/td><td class=\"column-2\">12 Temmuz 2018<\/td><td class=\"column-3\"><\/td><td class=\"column-4\">Devir Teslim t\u00f6reni<\/td><td class=\"column-5\"><a href=\"http:\/\/alsancakrotary.org\/wp-content\/uploads\/2018\/07\/bulten2057.pdf\">View PDF<\/a><\/td>\n<\/tr>\n<tr class=\"row-18\">\n\t<td class=\"column-1\">2056<\/td><td class=\"column-2\">5 Temmuz 2018<\/td><td class=\"column-3\"><\/td><td class=\"column-4\">Ola\u011fan Genel<br \/>\nKurul<\/td><td class=\"column-5\"><a href=\"http:\/\/alsancakrotary.org\/wp-content\/uploads\/2018\/07\/bulten2056y.pdf\">View PDF<\/a><\/td>\n<\/tr>\n<tr class=\"row-19\">\n\t<td class=\"column-1\">2055<\/td><td class=\"column-2\">28 Haziran 2018<\/td><td class=\"column-3\"><\/td><td class=\"column-4\">Biz Bize<\/td><td class=\"column-5\"><a href=\"http:\/\/alsancakrotary.org\/wp-content\/uploads\/2018\/07\/bulten2055y.pdf\">View PDF<\/a><\/td>\n<\/tr>\n<tr class=\"row-20\">\n\t<td class=\"column-1\">2054<\/td><td class=\"column-2\">21 Haziran 2018<\/td><td class=\"column-3\">Sn. Talat Sivri<\/td><td class=\"column-4\">Foto\u011fraf Sunumu<\/td><td class=\"column-5\"><a href=\"http:\/\/alsancakrotary.org\/wp-content\/uploads\/2018\/07\/bulten2054y.pdf\">View PDF<\/a><\/td>\n<\/tr>\n<tr class=\"row-21\">\n\t<td class=\"column-1\">2053<\/td><td class=\"column-2\">7 Haziran 2018<\/td><td class=\"column-3\">Avukat Melek \u00d6z\u00f6ner<\/td><td class=\"column-4\">\u00c7ocukta \u0130hmal ve \u0130stismar<\/td><td class=\"column-5\"><a href=\"http:\/\/alsancakrotary.org\/wp-content\/uploads\/2018\/06\/bulten2053.pdf\">View PDF<\/a><\/td>\n<\/tr>\n<tr class=\"row-22\">\n\t<td class=\"column-1\">2052<\/td><td class=\"column-2\">31 MAYIS 2018<\/td><td class=\"column-3\"><\/td><td class=\"column-4\">\u0130\u015eYER\u0130 Z\u0130YARET\u0130<br \/>\nPLANTSTA BOTAN\u0130K CAFE<\/td><td class=\"column-5\"><a href=\"http:\/\/alsancakrotary.org\/wp-content\/uploads\/2018\/06\/bulten2052.pdf\">View PDF<\/a><\/td>\n<\/tr>\n<tr class=\"row-23\">\n\t<td class=\"column-1\">2051<\/td><td class=\"column-2\">24 MAYIS 2018<\/td><td class=\"column-3\">Sn. Mehmet Yu\u0308ksel<\/td><td class=\"column-4\">Endu\u0308stri 4.0 \u0130leti\u015fim Du\u0308nyas\u0131<\/td><td class=\"column-5\"><a href=\"http:\/\/alsancakrotary.org\/wp-content\/uploads\/2018\/05\/bulten2051.pdf\">View PDF<\/a><\/td>\n<\/tr>\n<tr class=\"row-24\">\n\t<td class=\"column-1\">2050<\/td><td class=\"column-2\">17 MAYIS 2018<\/td><td class=\"column-3\"><\/td><td class=\"column-4\">Kul\u00fcp Asamblesi<\/td><td class=\"column-5\"><a href=\"http:\/\/alsancakrotary.org\/wp-content\/uploads\/2018\/05\/bulten2050.pdf\">View PDF<\/a><\/td>\n<\/tr>\n<tr class=\"row-25\">\n\t<td class=\"column-1\">2049<\/td><td class=\"column-2\">10 MAYIS 2018<\/td><td class=\"column-3\">Sn. Hasan Topal<\/td><td class=\"column-4\">\u201c\u0130zmir\u201d<\/td><td class=\"column-5\"><a href=\"http:\/\/alsancakrotary.org\/wp-content\/uploads\/2018\/05\/bulten2049.pdf\">View PDF<\/a><\/td>\n<\/tr>\n<tr class=\"row-26\">\n\t<td class=\"column-1\">2048<\/td><td class=\"column-2\">3 May\u0131s 2018<\/td><td class=\"column-3\">Sn. Y\u0131lmaz Karakoyunlu<\/td><td class=\"column-4\">T\u00fcrk Tarihinde 3 May\u0131s\u2019\u0131n \u00d6nemi<\/td><td class=\"column-5\"><a href=\"http:\/\/alsancakrotary.org\/wp-content\/uploads\/2018\/05\/bulten2048.pdf\">View PDF<\/a><\/td>\n<\/tr>\n<tr class=\"row-27\">\n\t<td class=\"column-1\">2047<\/td><td class=\"column-2\">26 Nisan 2018<\/td><td class=\"column-3\">Rtn. Levent U\u015fkay<\/td><td class=\"column-4\">Madagaskar<\/td><td class=\"column-5\"><a href=\"http:\/\/alsancakrotary.org\/wp-content\/uploads\/2018\/05\/bulten2047.pdf\">View PDF<\/a><\/td>\n<\/tr>\n<tr class=\"row-28\">\n\t<td class=\"column-1\">2046<\/td><td class=\"column-2\">19 Nisan 2018<\/td><td class=\"column-3\"><\/td><td class=\"column-4\">41.Kurulu\u015f y\u0131ld\u00f6n\u00fcm\u00fc olarak kutlad\u0131k<\/td><td class=\"column-5\"><a href=\"http:\/\/alsancakrotary.org\/wp-content\/uploads\/2018\/04\/bulten2046.pdf\">View PDF<\/a><\/td>\n<\/tr>\n<tr class=\"row-29\">\n\t<td class=\"column-1\">2044<\/td><td class=\"column-2\">5 Nisan 2018<\/td><td class=\"column-3\">Rtn. \u015eive Ercan<\/td><td class=\"column-4\">Kul\u00fcp Asamblesi<\/td><td class=\"column-5\"><a href=\"http:\/\/alsancakrotary.org\/wp-content\/uploads\/2018\/04\/bulten2044.pdf\">View PDF<\/a><\/td>\n<\/tr>\n<tr class=\"row-30\">\n\t<td class=\"column-1\">2043<\/td><td class=\"column-2\">29 mart 2018<\/td><td class=\"column-3\">Dr.G\u00f6ksel G\u00fcndo\u011f <\/td><td class=\"column-4\">Kul\u00fcp Asamblesi<\/td><td class=\"column-5\"><a href=\"http:\/\/alsancakrotary.org\/wp-content\/uploads\/2018\/04\/bulten2043.pdf\">View PDF<\/a><\/td>\n<\/tr>\n<tr class=\"row-31\">\n\t<td class=\"column-1\">2041<\/td><td class=\"column-2\">15 Mart 2018<\/td><td class=\"column-3\">Sn.Nafiz Delen<\/td><td class=\"column-4\">Tar\u0131m \u0130la\u00e7lar\u0131 G\u0131da Gu\u0308venli\u011fimizi Nas\u0131l Etkiliyor?<\/td><td class=\"column-5\"><a href=\"http:\/\/alsancakrotary.org\/wp-content\/uploads\/2018\/03\/bulten2041.pdf\">View PDF<\/a><\/td>\n<\/tr>\n<tr class=\"row-32\">\n\t<td class=\"column-1\">2040<\/td><td class=\"column-2\">8 Mart 2018<\/td><td class=\"column-3\">Sn.Ertan \u00dclku\u0308 <\/td><td class=\"column-4\">2018 Du\u0308nya Ekonomisi Ne Olacak?<\/td><td class=\"column-5\"><a href=\"http:\/\/alsancakrotary.org\/wp-content\/uploads\/2018\/03\/bulten2040.pdf\">View PDF<\/a><\/td>\n<\/tr>\n<tr class=\"row-33\">\n\t<td class=\"column-1\">2039<\/td><td class=\"column-2\">1 Mart 2018<\/td><td class=\"column-3\"><\/td><td class=\"column-4\">i\u015fyeri ziyareti<br \/>\n\u201cPark Inn by Radisson \u0130zmir\u201d<\/td><td class=\"column-5\"><a href=\"http:\/\/alsancakrotary.org\/wp-content\/uploads\/2018\/03\/bulten2039.pdf\">View PDF<\/a><\/td>\n<\/tr>\n<tr class=\"row-34\">\n\t<td class=\"column-1\">2038<\/td><td class=\"column-2\">22 \u015eubat 2018<\/td><td class=\"column-3\">Rtn. Kemal Zorlu<\/td><td class=\"column-4\">\u201cYedi\u011fim Hurmalar Beni T\u0131rmalar\u201d<\/td><td class=\"column-5\"><a href=\"http:\/\/alsancakrotary.org\/wp-content\/uploads\/2018\/02\/bulten2038.pdf\">View PDF<\/a><\/td>\n<\/tr>\n<tr class=\"row-35\">\n\t<td class=\"column-1\">2037<\/td><td class=\"column-2\">15 \u015eubat 2018<\/td><td class=\"column-3\"><\/td><td class=\"column-4\">11.Ulusal Gen\u00e7 Solist Yar\u0131\u015fmam\u0131z\u0131n Gala Gecesi<\/td><td class=\"column-5\"><a href=\"http:\/\/alsancakrotary.org\/wp-content\/uploads\/2018\/02\/bulten2037.pdf\">View PDF<\/a><\/td>\n<\/tr>\n<tr class=\"row-36\">\n\t<td class=\"column-1\">2036<\/td><td class=\"column-2\">9 \u015eubat 2018<\/td><td class=\"column-3\"><\/td><td class=\"column-4\">SEVG\u0130L\u0130LER G\u00dcN\u00dc YEME\u011e\u0130<br \/>\nE\u015eL\u0130<\/td><td class=\"column-5\"><a href=\"http:\/\/alsancakrotary.org\/wp-content\/uploads\/2018\/02\/bulten2036.pdf\">View PDF<\/a><\/td>\n<\/tr>\n<tr class=\"row-37\">\n\t<td class=\"column-1\">2035<\/td><td class=\"column-2\">1 \u015eubat 2018<\/td><td class=\"column-3\">Sn.U\u011furYu\u0308ce ve Sn. Sergen\u00e7\u0130neler<\/td><td class=\"column-4\">\u201cTarihi KEMERALTI\u201d<\/td><td class=\"column-5\"><a href=\"http:\/\/alsancakrotary.org\/wp-content\/uploads\/2018\/02\/bulten2035.pdf\">View PDF<\/a><\/td>\n<\/tr>\n<tr class=\"row-38\">\n\t<td class=\"column-1\">2034<\/td><td class=\"column-2\">25 Ocak 2018<\/td><td class=\"column-3\"><\/td><td class=\"column-4\">MESLEK H\u0130ZMET \u00d6D\u00dcL\u00dc<br \/>\nSn.HayrettinSevin\u00e7<\/td><td class=\"column-5\"><a href=\"http:\/\/alsancakrotary.org\/wp-content\/uploads\/2018\/01\/bulten2034.pdf\">View PDF<\/a><\/td>\n<\/tr>\n<tr class=\"row-39\">\n\t<td class=\"column-1\">2033<\/td><td class=\"column-2\">11 Ocak 2018<\/td><td class=\"column-3\">Sn. Celal \u00d6zlu\u0308<\/td><td class=\"column-4\">Ba\u015fkanlar Gu\u0308nu\u0308<\/td><td class=\"column-5\"><a href=\"http:\/\/alsancakrotary.org\/wp-content\/uploads\/2018\/01\/bulten2033.pdf\">View PDF<\/a><\/td>\n<\/tr>\n<tr class=\"row-40\">\n\t<td class=\"column-1\">2032<\/td><td class=\"column-2\">4 Ocak 2018<\/td><td class=\"column-3\">Sn. Bu\u0308lent Katarc\u0131<\/td><td class=\"column-4\">\u201c100 Doktor, 100 Hastal\u0131k\u201d<\/td><td class=\"column-5\"><a href=\"http:\/\/alsancakrotary.org\/wp-content\/uploads\/2018\/01\/bulten2032.pdf\">View PDF<\/a><\/td>\n<\/tr>\n<\/tbody>\n<\/table>\n<!-- #tablepress-8 from cache -->\n","protected":false},"excerpt":{"rendered":"","protected":false},"author":1,"featured_media":0,"parent":2181,"menu_order":0,"comment_status":"closed","ping_status":"closed","template":"","meta":{"footnotes":"","_links_to":"","_links_to_target":""},"class_list":["post-2259","page","type-page","status-publish","hentry"],"_links":{"self":[{"href":"https:\/\/alsancakrotary.org\/en\/wp-json\/wp\/v2\/pages\/2259","targetHints":{"allow":["GET"]}}],"collection":[{"href":"https:\/\/alsancakrotary.org\/en\/wp-json\/wp\/v2\/pages"}],"about":[{"href":"https:\/\/alsancakrotary.org\/en\/wp-json\/wp\/v2\/types\/page"}],"author":[{"embeddable":true,"href":"https:\/\/alsancakrotary.org\/en\/wp-json\/wp\/v2\/users\/1"}],"replies":[{"embeddable":true,"href":"https:\/\/alsancakrotary.org\/en\/wp-json\/wp\/v2\/comments?post=2259"}],"version-history":[{"count":2,"href":"https:\/\/alsancakrotary.org\/en\/wp-json\/wp\/v2\/pages\/2259\/revisions"}],"predecessor-version":[{"id":2265,"href":"https:\/\/alsancakrotary.org\/en\/wp-json\/wp\/v2\/pages\/2259\/revisions\/2265"}],"up":[{"embeddable":true,"href":"https:\/\/alsancakrotary.org\/en\/wp-json\/wp\/v2\/pages\/2181"}],"wp:attachment":[{"href":"https:\/\/alsancakrotary.org\/en\/wp-json\/wp\/v2\/media?parent=2259"}],"curies":[{"name":"wp","href":"https:\/\/api.w.org\/{rel}","templated":true}]}}