{"id":2351,"date":"2019-01-30T14:27:59","date_gmt":"2019-01-30T11:27:59","guid":{"rendered":"http:\/\/alsancakrotary.org\/?page_id=2351"},"modified":"2019-01-30T14:31:16","modified_gmt":"2019-01-30T11:31:16","slug":"2018-2019-term","status":"publish","type":"page","link":"https:\/\/alsancakrotary.org\/en\/publications\/bulletin\/2018-2019-term\/","title":{"rendered":"2018-2019 Term"},"content":{"rendered":"\n<table id=\"tablepress-10\" class=\"tablepress tablepress-id-10 tablepress-responsive\">\n<thead>\n<tr class=\"row-1\">\n\t<th class=\"column-1\">Bulletin<\/th><th class=\"column-2\">Date<\/th><th class=\"column-3\">Speaker<\/th><th class=\"column-4\">Topic<\/th><th class=\"column-5\">Bulletin File<\/th>\n<\/tr>\n<\/thead>\n<tbody class=\"row-striping row-hover\">\n<tr class=\"row-2\">\n\t<td class=\"column-1\">2090<\/td><td class=\"column-2\">13 June 2019<\/td><td class=\"column-3\"><\/td><td class=\"column-4\">Ola\u011fanu\u0308stu\u0308 genel kurul( tu\u0308zu\u0308k de\u011fi\u015fikli\u011f) ve Kulu\u0308p Asamblesi<\/td><td class=\"column-5\"><a href=\"http:\/\/alsancakrotary.org\/wp-content\/uploads\/2019\/07\/bul2091.pdf\">View PDF<\/a><\/td>\n<\/tr>\n<tr class=\"row-3\">\n\t<td class=\"column-1\">2089<\/td><td class=\"column-2\">30 May 2019<\/td><td class=\"column-3\">Sn.Sara Pardo<\/td><td class=\"column-4\">\u0130zmir\u2019in Tarihi<\/td><td class=\"column-5\"><a href=\"http:\/\/alsancakrotary.org\/wp-content\/uploads\/2019\/06\/bul2090.pdf\">View PDF<\/a><\/td>\n<\/tr>\n<tr class=\"row-4\">\n\t<td class=\"column-1\">2088<\/td><td class=\"column-2\">23 May 2019<\/td><td class=\"column-3\"><\/td><td class=\"column-4\">Arkas M\u00fcze Ziyareti<\/td><td class=\"column-5\"><a href=\"http:\/\/alsancakrotary.org\/wp-content\/uploads\/2019\/05\/bul2089.pdf\">View PDF<\/a><\/td>\n<\/tr>\n<tr class=\"row-5\">\n\t<td class=\"column-1\">2087<\/td><td class=\"column-2\">16 May 2019<\/td><td class=\"column-3\"><\/td><td class=\"column-4\">Toplum Hizmetleri Projemiz<\/td><td class=\"column-5\"><a href=\"http:\/\/alsancakrotary.org\/wp-content\/uploads\/2019\/05\/bul2088.pdf\">View PDF<\/a><\/td>\n<\/tr>\n<tr class=\"row-6\">\n\t<td class=\"column-1\">2086<\/td><td class=\"column-2\">2 May 2019<\/td><td class=\"column-3\"><\/td><td class=\"column-4\">Kulu\u0308p Asamblesi<\/td><td class=\"column-5\"><a href=\"http:\/\/alsancakrotary.org\/wp-content\/uploads\/2019\/05\/bul2087.pdf\">View PDF<\/a><\/td>\n<\/tr>\n<tr class=\"row-7\">\n\t<td class=\"column-1\">2085<\/td><td class=\"column-2\">25 April 2019<\/td><td class=\"column-3\">Sn. Fatma Olten<\/td><td class=\"column-4\">Sanat \u0130\u00e7in<\/td><td class=\"column-5\"><a href=\"http:\/\/alsancakrotary.org\/wp-content\/uploads\/2019\/04\/bul2086.pdf\">View PDF<\/a><\/td>\n<\/tr>\n<tr class=\"row-8\">\n\t<td class=\"column-1\">2083<\/td><td class=\"column-2\">10 April 2019<\/td><td class=\"column-3\"><\/td><td class=\"column-4\">42.kurulu\u015f yeme\u011fi<\/td><td class=\"column-5\"><a href=\"http:\/\/alsancakrotary.org\/wp-content\/uploads\/2019\/04\/bul2084.pdf\">View PDF<\/a><\/td>\n<\/tr>\n<tr class=\"row-9\">\n\t<td class=\"column-1\">2081<\/td><td class=\"column-2\">21 March 2019<\/td><td class=\"column-3\">Sn. Ahmet Aslan<\/td><td class=\"column-4\">Her\u015fey bir ta\u015fla ba\u015flad\u0131<\/td><td class=\"column-5\"><a href=\"http:\/\/alsancakrotary.org\/wp-content\/uploads\/2019\/03\/bul2082.pdf\">View PDF<\/a><\/td>\n<\/tr>\n<tr class=\"row-10\">\n\t<td class=\"column-1\">2079<\/td><td class=\"column-2\">6 March 2019<\/td><td class=\"column-3\"><\/td><td class=\"column-4\">D\u00fcnya Kad\u0131nlar g\u00fcn\u00fc Paneli<\/td><td class=\"column-5\"><a href=\"http:\/\/alsancakrotary.org\/wp-content\/uploads\/2019\/03\/bul2080.pdf\">View PDF<\/a><\/td>\n<\/tr>\n<tr class=\"row-11\">\n\t<td class=\"column-1\">2078<\/td><td class=\"column-2\">21 February 2019<\/td><td class=\"column-3\">Sn.Levent Olgun<\/td><td class=\"column-4\">\u0130\u015fitme duyusu<\/td><td class=\"column-5\"><a href=\"http:\/\/alsancakrotary.org\/wp-content\/uploads\/2019\/02\/bul2079.pdf\">View PDF<\/a><\/td>\n<\/tr>\n<tr class=\"row-12\">\n\t<td class=\"column-1\">2077<\/td><td class=\"column-2\">14 February 2019<\/td><td class=\"column-3\"><\/td><td class=\"column-4\">Ola\u011fanu\u0308stu\u0308 Genel Kurul<\/td><td class=\"column-5\"><a href=\"http:\/\/alsancakrotary.org\/wp-content\/uploads\/2019\/02\/bul2078.pdf\">View PDF<\/a><\/td>\n<\/tr>\n<tr class=\"row-13\">\n\t<td class=\"column-1\">2075<\/td><td class=\"column-2\">24 January 2019<\/td><td class=\"column-3\">Prof.Dr.Zeynep Mercang\u00f6z<\/td><td class=\"column-4\">Kad\u0131 Kalesi<\/td><td class=\"column-5\"><a href=\"http:\/\/alsancakrotary.org\/wp-content\/uploads\/2019\/01\/bul2076.pdf\">View PDF<\/a><\/td>\n<\/tr>\n<tr class=\"row-14\">\n\t<td class=\"column-1\">2073<\/td><td class=\"column-2\">10 January 2019<\/td><td class=\"column-3\">Sn. Fahriye Tu\u011fcu<\/td><td class=\"column-4\">Meslek Hizmet \u00d6du\u0308lu\u0308<\/td><td class=\"column-5\"><a href=\"http:\/\/alsancakrotary.org\/wp-content\/uploads\/2019\/01\/bul2074.pdf\">View PDF<\/a><\/td>\n<\/tr>\n<\/tbody>\n<\/table>\n<!-- #tablepress-10 from cache -->\n\n\n\n<p><\/p>\n","protected":false},"excerpt":{"rendered":"","protected":false},"author":1,"featured_media":0,"parent":2181,"menu_order":0,"comment_status":"closed","ping_status":"closed","template":"","meta":{"footnotes":"","_links_to":"","_links_to_target":""},"class_list":["post-2351","page","type-page","status-publish","hentry"],"_links":{"self":[{"href":"https:\/\/alsancakrotary.org\/en\/wp-json\/wp\/v2\/pages\/2351","targetHints":{"allow":["GET"]}}],"collection":[{"href":"https:\/\/alsancakrotary.org\/en\/wp-json\/wp\/v2\/pages"}],"about":[{"href":"https:\/\/alsancakrotary.org\/en\/wp-json\/wp\/v2\/types\/page"}],"author":[{"embeddable":true,"href":"https:\/\/alsancakrotary.org\/en\/wp-json\/wp\/v2\/users\/1"}],"replies":[{"embeddable":true,"href":"https:\/\/alsancakrotary.org\/en\/wp-json\/wp\/v2\/comments?post=2351"}],"version-history":[{"count":2,"href":"https:\/\/alsancakrotary.org\/en\/wp-json\/wp\/v2\/pages\/2351\/revisions"}],"predecessor-version":[{"id":2355,"href":"https:\/\/alsancakrotary.org\/en\/wp-json\/wp\/v2\/pages\/2351\/revisions\/2355"}],"up":[{"embeddable":true,"href":"https:\/\/alsancakrotary.org\/en\/wp-json\/wp\/v2\/pages\/2181"}],"wp:attachment":[{"href":"https:\/\/alsancakrotary.org\/en\/wp-json\/wp\/v2\/media?parent=2351"}],"curies":[{"name":"wp","href":"https:\/\/api.w.org\/{rel}","templated":true}]}}