{"id":2422,"date":"2019-07-09T14:53:21","date_gmt":"2019-07-09T11:53:21","guid":{"rendered":"http:\/\/alsancakrotary.org\/?page_id=2422"},"modified":"2019-07-09T14:53:22","modified_gmt":"2019-07-09T11:53:22","slug":"2019-2020-term","status":"publish","type":"page","link":"https:\/\/alsancakrotary.org\/en\/publications\/bulletin\/2019-2020-term\/","title":{"rendered":"2019-2020 Term"},"content":{"rendered":"\n<table id=\"tablepress-12\" class=\"tablepress tablepress-id-12 tablepress-responsive\">\n<thead>\n<tr class=\"row-1\">\n\t<th class=\"column-1\">B\u00fclten<\/th><th class=\"column-2\">Tarih<\/th><th class=\"column-3\">Konu\u015fmac\u0131<\/th><th class=\"column-4\">Konu<\/th><th class=\"column-5\">B\u00fclten Dosyas\u0131<\/th>\n<\/tr>\n<\/thead>\n<tbody class=\"row-striping row-hover\">\n<tr class=\"row-2\">\n\t<td class=\"column-1\">2104<\/td><td class=\"column-2\">6 October 2019<\/td><td class=\"column-3\"><\/td><td class=\"column-4\">Ku\u0308r\u015fat Ba\u015far\/Nu\u0308khet Yal\u00e7\u0131n Konseri<\/td><td class=\"column-5\"><a href=\"http:\/\/alsancakrotary.org\/wp-content\/uploads\/2019\/10\/bul2104.pdf\">View PDF<\/a><\/td>\n<\/tr>\n<tr class=\"row-3\">\n\t<td class=\"column-1\">2103<\/td><td class=\"column-2\">26 September 2019<\/td><td class=\"column-3\"><\/td><td class=\"column-4\">I\u0307\u015fyeri Ziyareti<br \/>\nErcanlar Yumurta<\/td><td class=\"column-5\"><a href=\"http:\/\/alsancakrotary.org\/wp-content\/uploads\/2019\/09\/bul2103.pdf\">View PDF<\/a><\/td>\n<\/tr>\n<tr class=\"row-4\">\n\t<td class=\"column-1\">2102<\/td><td class=\"column-2\">19 September 2019<\/td><td class=\"column-3\">Sn. Ali Nail Kubal\u0131<\/td><td class=\"column-4\">Ekonomi de \u00c7alkant\u0131lar<\/td><td class=\"column-5\"><a href=\"http:\/\/alsancakrotary.org\/wp-content\/uploads\/2019\/09\/bul2102Y.pdf\">View PDF<\/a><\/td>\n<\/tr>\n<tr class=\"row-5\">\n\t<td class=\"column-1\">2101<\/td><td class=\"column-2\">12 September 2019<\/td><td class=\"column-3\">Sn.Tamer Levent<\/td><td class=\"column-4\">Ya\u015fama bi\u00e7imi olarak Sanat ve Sanat\u2019a evet konulu bir konu\u015fma yapt\u0131<\/td><td class=\"column-5\"><a href=\"http:\/\/alsancakrotary.org\/wp-content\/uploads\/2019\/09\/bul2101.pdf\">View PDF<\/a><\/td>\n<\/tr>\n<tr class=\"row-6\">\n\t<td class=\"column-1\">2099<\/td><td class=\"column-2\">29 August 2019<\/td><td class=\"column-3\">Dr.\u00d6zlem Atalay<\/td><td class=\"column-4\">farkl\u0131 kapasitelere sahip \u00e7ocuklar\u0131n hayatlar\u0131na bilin\u00e7li dokunu\u015flar<\/td><td class=\"column-5\"><a href=\"http:\/\/alsancakrotary.org\/wp-content\/uploads\/2019\/09\/bul2099.pdf\">View PDF<\/a><\/td>\n<\/tr>\n<tr class=\"row-7\">\n\t<td class=\"column-1\">2098<\/td><td class=\"column-2\">22 August 2019<\/td><td class=\"column-3\"><\/td><td class=\"column-4\">Ortak Toplant\u0131<\/td><td class=\"column-5\"><a href=\"http:\/\/alsancakrotary.org\/wp-content\/uploads\/2019\/08\/bul2098.pdf\">View PDF<\/a><\/td>\n<\/tr>\n<tr class=\"row-8\">\n\t<td class=\"column-1\">2097<\/td><td class=\"column-2\">8 August 2019<\/td><td class=\"column-3\"><\/td><td class=\"column-4\">Toplum Birli\u011fimiz Olan Yeni \u015ea\u015fal \u0130lkokulu\u2019nda<\/td><td class=\"column-5\"><a href=\"http:\/\/alsancakrotary.org\/wp-content\/uploads\/2019\/08\/bul2097.pdf\">View PDF<\/a><\/td>\n<\/tr>\n<tr class=\"row-9\">\n\t<td class=\"column-1\">2096<\/td><td class=\"column-2\">25 July 2019<\/td><td class=\"column-3\">Sn. Volkan Severcan<\/td><td class=\"column-4\">Tu\u0308rkiye de Oyuncu Olmak<\/td><td class=\"column-5\"><a href=\"http:\/\/alsancakrotary.org\/wp-content\/uploads\/2019\/08\/bul2096.pdf\">View PDF<\/a><\/td>\n<\/tr>\n<tr class=\"row-10\">\n\t<td class=\"column-1\">2095<\/td><td class=\"column-2\">17 July 2019<\/td><td class=\"column-3\"><\/td><td class=\"column-4\">9. Grup Kul\u00fcpleri Ortak toplant\u0131s\u0131<\/td><td class=\"column-5\"><a href=\"http:\/\/alsancakrotary.org\/wp-content\/uploads\/2019\/08\/bul2095.pdf\">View PDF<\/a><\/td>\n<\/tr>\n<tr class=\"row-11\">\n\t<td class=\"column-1\">2094<\/td><td class=\"column-2\">11 July 2019<\/td><td class=\"column-3\"><\/td><td class=\"column-4\">2.Asamble 2019-2020 d\u00f6neminin program\u0131n\u0131n sunulmas\u0131<\/td><td class=\"column-5\"><a href=\"http:\/\/alsancakrotary.org\/wp-content\/uploads\/2019\/09\/bul2094.pdf\">View PDF<\/a><\/td>\n<\/tr>\n<tr class=\"row-12\">\n\t<td class=\"column-1\">2093<\/td><td class=\"column-2\">4 July 2019<\/td><td class=\"column-3\"><\/td><td class=\"column-4\">Genel Kurul<\/td><td class=\"column-5\"><a href=\"http:\/\/alsancakrotary.org\/wp-content\/uploads\/2019\/07\/bul2093.pdf\">View PDF<\/a><\/td>\n<\/tr>\n<\/tbody>\n<\/table>\n<!-- #tablepress-12 from cache -->\n","protected":false},"excerpt":{"rendered":"","protected":false},"author":1,"featured_media":0,"parent":2181,"menu_order":0,"comment_status":"closed","ping_status":"closed","template":"","meta":{"footnotes":"","_links_to":"","_links_to_target":""},"class_list":["post-2422","page","type-page","status-publish","hentry"],"_links":{"self":[{"href":"https:\/\/alsancakrotary.org\/en\/wp-json\/wp\/v2\/pages\/2422","targetHints":{"allow":["GET"]}}],"collection":[{"href":"https:\/\/alsancakrotary.org\/en\/wp-json\/wp\/v2\/pages"}],"about":[{"href":"https:\/\/alsancakrotary.org\/en\/wp-json\/wp\/v2\/types\/page"}],"author":[{"embeddable":true,"href":"https:\/\/alsancakrotary.org\/en\/wp-json\/wp\/v2\/users\/1"}],"replies":[{"embeddable":true,"href":"https:\/\/alsancakrotary.org\/en\/wp-json\/wp\/v2\/comments?post=2422"}],"version-history":[{"count":1,"href":"https:\/\/alsancakrotary.org\/en\/wp-json\/wp\/v2\/pages\/2422\/revisions"}],"predecessor-version":[{"id":2423,"href":"https:\/\/alsancakrotary.org\/en\/wp-json\/wp\/v2\/pages\/2422\/revisions\/2423"}],"up":[{"embeddable":true,"href":"https:\/\/alsancakrotary.org\/en\/wp-json\/wp\/v2\/pages\/2181"}],"wp:attachment":[{"href":"https:\/\/alsancakrotary.org\/en\/wp-json\/wp\/v2\/media?parent=2422"}],"curies":[{"name":"wp","href":"https:\/\/api.w.org\/{rel}","templated":true}]}}