{"id":2505,"date":"2019-09-05T16:26:15","date_gmt":"2019-09-05T13:26:15","guid":{"rendered":"http:\/\/alsancakrotary.org\/?page_id=2505"},"modified":"2019-09-05T16:26:17","modified_gmt":"2019-09-05T13:26:17","slug":"2019-2020-term","status":"publish","type":"page","link":"https:\/\/alsancakrotary.org\/en\/2019-2020-term\/","title":{"rendered":"2019 \u2013 2020 Term"},"content":{"rendered":"\r\n<div class=\"wpbaw-blog-grid-main wpbaw-blog-wrap wpbaw-clearfix design-4 wpbaw-grid-3 \">\r\n\t    <div class=\"wpbaw-blog-inr-wrap wpbaw-blog-inr-wrap\" id=\"wpbaw-blog-1\">\r\n<div class=\"wpbaw-blog-grid wpbaw-blog-inner-wrap wpbaw-medium-4 wpbaw-column  wpbaw-first wpbaw-post-2532\">\r\n\t<div class=\"wpbaw-blog-grid-content \">\r\n\t\t\t\t\t<div class=\"wpbaw-blog-image-bg\" style=\"\">\r\n\t\t\t\t<a href=\"https:\/\/alsancakrotary.org\/en\/blog-post\/6-ekim-2019\/\" target=\"_self\">\r\n\t\t\t\t\t<img decoding=\"async\" class=\"wpbaw-slider-img\" src=\"https:\/\/alsancakrotary.org\/wp-content\/uploads\/2019\/10\/IMG-20191006-WA0050-1024x576.jpg\" alt=\"6 Ekim 2019\" \/>\r\n\t\t\t\t<\/a>\r\n\t\t\t<\/div>\r\n\t\t\r\n\t\t<div class=\"wpbaw-blog-content-bacground\">\r\n\t\t\t\t\t\t\t<h2 class=\"wpbaw-blog-title\">\r\n\t\t\t\t\t<a href=\"https:\/\/alsancakrotary.org\/en\/blog-post\/6-ekim-2019\/\" target=\"_self\">6 Ekim 2019<\/a>\r\n\t\t\t\t<\/h2>\r\n\t\t\t\t\t\t\t<div class=\"wpbaw-blog-categories\"><a href=\"https:\/\/alsancakrotary.org\/blog-category\/haftalik-toplantilar-19-20\/\" target=\"_self\">Haftal\u0131k Toplant\u0131lar<\/a><\/div>\r\n\t\t\t\t\t\t\t<div class=\"wpbaw-blog-content\">\r\n\r\n\t\t\t\t\t\t\t\t\t\t\t<div class=\"wpbaw-blog-short-content\">Toplant\u0131m\u0131z\u0131 Metropolis nti Kentinde K\u00fcr\u015fat Ba\u015far ve N\u00fckhet Yal\u00e7\u0131n konserinde ger\u00e7ekle\u015ftirdik.<\/div>\r\n\t\t\t\t\t\t\r\n\t\t\t\t<\/div>\r\n\t\t\t\t\t<\/div>\r\n\t<\/div>\r\n<\/div>\r\n<div class=\"wpbaw-blog-grid wpbaw-blog-inner-wrap wpbaw-medium-4 wpbaw-column  wpbaw-post-2521\">\r\n\t<div class=\"wpbaw-blog-grid-content \">\r\n\t\t\t\t\t<div class=\"wpbaw-blog-image-bg\" style=\"\">\r\n\t\t\t\t<a href=\"https:\/\/alsancakrotary.org\/en\/blog-post\/12-eylul-2019\/\" target=\"_self\">\r\n\t\t\t\t\t<img decoding=\"async\" class=\"wpbaw-slider-img\" src=\"https:\/\/alsancakrotary.org\/wp-content\/uploads\/2019\/09\/20190912_140655_resized.jpg\" alt=\"12 Eyl\u00fcl 2019\" \/>\r\n\t\t\t\t<\/a>\r\n\t\t\t<\/div>\r\n\t\t\r\n\t\t<div class=\"wpbaw-blog-content-bacground\">\r\n\t\t\t\t\t\t\t<h2 class=\"wpbaw-blog-title\">\r\n\t\t\t\t\t<a href=\"https:\/\/alsancakrotary.org\/en\/blog-post\/12-eylul-2019\/\" target=\"_self\">12 Eyl\u00fcl 2019<\/a>\r\n\t\t\t\t<\/h2>\r\n\t\t\t\t\t\t\t<div class=\"wpbaw-blog-categories\"><a href=\"https:\/\/alsancakrotary.org\/blog-category\/haftalik-toplantilar-19-20\/\" target=\"_self\">Haftal\u0131k Toplant\u0131lar<\/a><\/div>\r\n\t\t\t\t\t\t\t<div class=\"wpbaw-blog-content\">\r\n\r\n\t\t\t\t\t\t\t\t\t\t\t<div class=\"wpbaw-blog-short-content\">Toplant\u0131m\u0131zda konu\u015fmac\u0131m\u0131z Oyuncu\/Y\u00f6netmen Tamer Levent idi.<\/div>\r\n\t\t\t\t\t\t\r\n\t\t\t\t<\/div>\r\n\t\t\t\t\t<\/div>\r\n\t<\/div>\r\n<\/div>\r\n<div class=\"wpbaw-blog-grid wpbaw-blog-inner-wrap wpbaw-medium-4 wpbaw-column  wpbaw-last wpbaw-post-2508\">\r\n\t<div class=\"wpbaw-blog-grid-content \">\r\n\t\t\t\t\t<div class=\"wpbaw-blog-image-bg\" style=\"\">\r\n\t\t\t\t<a href=\"https:\/\/alsancakrotary.org\/en\/blog-post\/5-eylul-2019\/\" target=\"_self\">\r\n\t\t\t\t\t<img decoding=\"async\" class=\"wpbaw-slider-img\" src=\"https:\/\/alsancakrotary.org\/wp-content\/uploads\/2019\/09\/20190905_135747_resized.jpg\" alt=\"5 Eyl\u00fcl 2019\" \/>\r\n\t\t\t\t<\/a>\r\n\t\t\t<\/div>\r\n\t\t\r\n\t\t<div class=\"wpbaw-blog-content-bacground\">\r\n\t\t\t\t\t\t\t<h2 class=\"wpbaw-blog-title\">\r\n\t\t\t\t\t<a href=\"https:\/\/alsancakrotary.org\/en\/blog-post\/5-eylul-2019\/\" target=\"_self\">5 Eyl\u00fcl 2019<\/a>\r\n\t\t\t\t<\/h2>\r\n\t\t\t\t\t\t\t<div class=\"wpbaw-blog-categories\"><a href=\"https:\/\/alsancakrotary.org\/blog-category\/haftalik-toplantilar-19-20\/\" target=\"_self\">Haftal\u0131k Toplant\u0131lar<\/a><\/div>\r\n\t\t\t\t\t\t\t<div class=\"wpbaw-blog-content\">\r\n\r\n\t\t\t\t\t\t\t\t\t\t\t<div class=\"wpbaw-blog-short-content\">Toplnat\u0131m\u0131zda konu\u015fmac\u0131m\u0131z Rtc.Kemal Aksoy idi.<\/div>\r\n\t\t\t\t\t\t\r\n\t\t\t\t<\/div>\r\n\t\t\t\t\t<\/div>\r\n\t<\/div>\r\n<\/div>\r\n<div class=\"wpbaw-blog-grid wpbaw-blog-inner-wrap wpbaw-medium-4 wpbaw-column  wpbaw-first wpbaw-post-2498\">\r\n\t<div class=\"wpbaw-blog-grid-content \">\r\n\t\t\t\t\t<div class=\"wpbaw-blog-image-bg\" style=\"\">\r\n\t\t\t\t<a href=\"https:\/\/alsancakrotary.org\/en\/blog-post\/29-agustos-2019\/\" target=\"_self\">\r\n\t\t\t\t\t<img decoding=\"async\" class=\"wpbaw-slider-img\" src=\"https:\/\/alsancakrotary.org\/wp-content\/uploads\/2019\/09\/20190829_141116_resized.jpg\" alt=\"29 A\u011fustos 2019\" \/>\r\n\t\t\t\t<\/a>\r\n\t\t\t<\/div>\r\n\t\t\r\n\t\t<div class=\"wpbaw-blog-content-bacground\">\r\n\t\t\t\t\t\t\t<h2 class=\"wpbaw-blog-title\">\r\n\t\t\t\t\t<a href=\"https:\/\/alsancakrotary.org\/en\/blog-post\/29-agustos-2019\/\" target=\"_self\">29 A\u011fustos 2019<\/a>\r\n\t\t\t\t<\/h2>\r\n\t\t\t\t\t\t\t<div class=\"wpbaw-blog-categories\"><a href=\"https:\/\/alsancakrotary.org\/blog-category\/haftalik-toplantilar-19-20\/\" target=\"_self\">Haftal\u0131k Toplant\u0131lar<\/a><\/div>\r\n\t\t\t\t\t\t\t<div class=\"wpbaw-blog-content\">\r\n\r\n\t\t\t\t\t\t\t\t\t\t\t<div class=\"wpbaw-blog-short-content\">Toplant\u0131m\u0131zda konu\u015fmac\u0131m\u0131z Dr.\u00d6zlem Atalay idi. \u00a0<\/div>\r\n\t\t\t\t\t\t\r\n\t\t\t\t<\/div>\r\n\t\t\t\t\t<\/div>\r\n\t<\/div>\r\n<\/div>\r\n<div class=\"wpbaw-blog-grid wpbaw-blog-inner-wrap wpbaw-medium-4 wpbaw-column  wpbaw-post-2495\">\r\n\t<div class=\"wpbaw-blog-grid-content \">\r\n\t\t\t\t\t<div class=\"wpbaw-blog-image-bg\" style=\"\">\r\n\t\t\t\t<a href=\"https:\/\/alsancakrotary.org\/en\/blog-post\/22-agustos-2019\/\" target=\"_self\">\r\n\t\t\t\t\t<img decoding=\"async\" class=\"wpbaw-slider-img\" src=\"https:\/\/alsancakrotary.org\/wp-content\/uploads\/2019\/09\/20190822_130840_resized-1024x576.jpg\" alt=\"22 A\u011fustos 2019\" \/>\r\n\t\t\t\t<\/a>\r\n\t\t\t<\/div>\r\n\t\t\r\n\t\t<div class=\"wpbaw-blog-content-bacground\">\r\n\t\t\t\t\t\t\t<h2 class=\"wpbaw-blog-title\">\r\n\t\t\t\t\t<a href=\"https:\/\/alsancakrotary.org\/en\/blog-post\/22-agustos-2019\/\" target=\"_self\">22 A\u011fustos 2019<\/a>\r\n\t\t\t\t<\/h2>\r\n\t\t\t\t\t\t\t<div class=\"wpbaw-blog-categories\"><a href=\"https:\/\/alsancakrotary.org\/blog-category\/haftalik-toplantilar-19-20\/\" target=\"_self\">Haftal\u0131k Toplant\u0131lar<\/a><\/div>\r\n\t\t\t\t\t\t\t<div class=\"wpbaw-blog-content\">\r\n\r\n\t\t\t\t\t\t\t\t\t\t\t<div class=\"wpbaw-blog-short-content\">Toplant\u0131m\u0131z\u0131 evsahi\u011fli\u011fimizde ortak toplant\u0131 olarak ger\u00e7ekle\u015ftirdik. Konu\u011fumuz \u00dcnl\u00fc Balet Tan Sa\u011ft\u00fcrk idi. \u00a0<\/div>\r\n\t\t\t\t\t\t\r\n\t\t\t\t<\/div>\r\n\t\t\t\t\t<\/div>\r\n\t<\/div>\r\n<\/div>\r\n<div class=\"wpbaw-blog-grid wpbaw-blog-inner-wrap wpbaw-medium-4 wpbaw-column  wpbaw-last wpbaw-post-2492\">\r\n\t<div class=\"wpbaw-blog-grid-content \">\r\n\t\t\t\t\t<div class=\"wpbaw-blog-image-bg\" style=\"\">\r\n\t\t\t\t<a href=\"https:\/\/alsancakrotary.org\/en\/blog-post\/8-agustos-2019\/\" target=\"_self\">\r\n\t\t\t\t\t<img decoding=\"async\" class=\"wpbaw-slider-img\" src=\"https:\/\/alsancakrotary.org\/wp-content\/uploads\/2019\/09\/20190808_130408_resized.jpg\" alt=\"8 a\u011fustos 2019\" \/>\r\n\t\t\t\t<\/a>\r\n\t\t\t<\/div>\r\n\t\t\r\n\t\t<div class=\"wpbaw-blog-content-bacground\">\r\n\t\t\t\t\t\t\t<h2 class=\"wpbaw-blog-title\">\r\n\t\t\t\t\t<a href=\"https:\/\/alsancakrotary.org\/en\/blog-post\/8-agustos-2019\/\" target=\"_self\">8 a\u011fustos 2019<\/a>\r\n\t\t\t\t<\/h2>\r\n\t\t\t\t\t\t\t<div class=\"wpbaw-blog-categories\"><a href=\"https:\/\/alsancakrotary.org\/blog-category\/haftalik-toplantilar-19-20\/\" target=\"_self\">Haftal\u0131k Toplant\u0131lar<\/a><\/div>\r\n\t\t\t\t\t\t\t<div class=\"wpbaw-blog-content\">\r\n\r\n\t\t\t\t\t\t\t\t\t\t\t<div class=\"wpbaw-blog-short-content\">Toplant\u0131m\u0131z\u0131 Toplum Birli\u011fimiz olan Yeni \u015ea\u015fal \u0130lkokulu nda Rotary Okulda projesi kapsam\u0131nda ger\u00e7ekle\u015ftirdik. \u00a0<\/div>\r\n\t\t\t\t\t\t\r\n\t\t\t\t<\/div>\r\n\t\t\t\t\t<\/div>\r\n\t<\/div>\r\n<\/div>\r\n<div class=\"wpbaw-blog-grid wpbaw-blog-inner-wrap wpbaw-medium-4 wpbaw-column  wpbaw-first wpbaw-post-2489\">\r\n\t<div class=\"wpbaw-blog-grid-content \">\r\n\t\t\t\t\t<div class=\"wpbaw-blog-image-bg\" style=\"\">\r\n\t\t\t\t<a href=\"https:\/\/alsancakrotary.org\/en\/blog-post\/25-temmuz-2019\/\" target=\"_self\">\r\n\t\t\t\t\t<img decoding=\"async\" class=\"wpbaw-slider-img\" src=\"https:\/\/alsancakrotary.org\/wp-content\/uploads\/2019\/09\/20190725_140125_resized.jpg\" alt=\"25 Temmuz 2019\" \/>\r\n\t\t\t\t<\/a>\r\n\t\t\t<\/div>\r\n\t\t\r\n\t\t<div class=\"wpbaw-blog-content-bacground\">\r\n\t\t\t\t\t\t\t<h2 class=\"wpbaw-blog-title\">\r\n\t\t\t\t\t<a href=\"https:\/\/alsancakrotary.org\/en\/blog-post\/25-temmuz-2019\/\" target=\"_self\">25 Temmuz 2019<\/a>\r\n\t\t\t\t<\/h2>\r\n\t\t\t\t\t\t\t<div class=\"wpbaw-blog-categories\"><a href=\"https:\/\/alsancakrotary.org\/blog-category\/haftalik-toplantilar-19-20\/\" target=\"_self\">Haftal\u0131k Toplant\u0131lar<\/a><\/div>\r\n\t\t\t\t\t\t\t<div class=\"wpbaw-blog-content\">\r\n\r\n\t\t\t\t\t\t\t\t\t\t\t<div class=\"wpbaw-blog-short-content\">Toplant\u0131da konu\u015fmac\u0131m\u0131z Sn.Volkan Severcan d\u0131. &nbsp;<\/div>\r\n\t\t\t\t\t\t\r\n\t\t\t\t<\/div>\r\n\t\t\t\t\t<\/div>\r\n\t<\/div>\r\n<\/div>\r\n<div class=\"wpbaw-blog-grid wpbaw-blog-inner-wrap wpbaw-medium-4 wpbaw-column  wpbaw-post-2486\">\r\n\t<div class=\"wpbaw-blog-grid-content \">\r\n\t\t\t\t\t<div class=\"wpbaw-blog-image-bg\" style=\"\">\r\n\t\t\t\t<a href=\"https:\/\/alsancakrotary.org\/en\/blog-post\/17-temmuz-2019\/\" target=\"_self\">\r\n\t\t\t\t\t<img decoding=\"async\" class=\"wpbaw-slider-img\" src=\"https:\/\/alsancakrotary.org\/wp-content\/uploads\/2019\/09\/20190717_142657_resized.jpg\" alt=\"17 Temmuz 2019\" \/>\r\n\t\t\t\t<\/a>\r\n\t\t\t<\/div>\r\n\t\t\r\n\t\t<div class=\"wpbaw-blog-content-bacground\">\r\n\t\t\t\t\t\t\t<h2 class=\"wpbaw-blog-title\">\r\n\t\t\t\t\t<a href=\"https:\/\/alsancakrotary.org\/en\/blog-post\/17-temmuz-2019\/\" target=\"_self\">17 Temmuz 2019<\/a>\r\n\t\t\t\t<\/h2>\r\n\t\t\t\t\t\t\t<div class=\"wpbaw-blog-categories\"><a href=\"https:\/\/alsancakrotary.org\/blog-category\/haftalik-toplantilar-19-20\/\" target=\"_self\">Haftal\u0131k Toplant\u0131lar<\/a><\/div>\r\n\t\t\t\t\t\t\t<div class=\"wpbaw-blog-content\">\r\n\r\n\t\t\t\t\t\t\t\t\t\t\t<div class=\"wpbaw-blog-short-content\">9.grup kul\u00fcpleri ortak toplant\u0131s\u0131. Konu\u015fmac\u0131lar Sn.Y\u0131lmaz Karakoyunlu, Sn. Canan Tan<\/div>\r\n\t\t\t\t\t\t\r\n\t\t\t\t<\/div>\r\n\t\t\t\t\t<\/div>\r\n\t<\/div>\r\n<\/div>\r\n<div class=\"wpbaw-blog-grid wpbaw-blog-inner-wrap wpbaw-medium-4 wpbaw-column  wpbaw-last wpbaw-post-2482\">\r\n\t<div class=\"wpbaw-blog-grid-content \">\r\n\t\t\t\t\t<div class=\"wpbaw-blog-image-bg\" style=\"\">\r\n\t\t\t\t<a href=\"https:\/\/alsancakrotary.org\/en\/blog-post\/11-temmuz-2019\/\" target=\"_self\">\r\n\t\t\t\t\t<img decoding=\"async\" class=\"wpbaw-slider-img\" src=\"https:\/\/alsancakrotary.org\/wp-content\/uploads\/2019\/09\/20190711_131249_resized.jpg\" alt=\"11 Temmuz 2019\" \/>\r\n\t\t\t\t<\/a>\r\n\t\t\t<\/div>\r\n\t\t\r\n\t\t<div class=\"wpbaw-blog-content-bacground\">\r\n\t\t\t\t\t\t\t<h2 class=\"wpbaw-blog-title\">\r\n\t\t\t\t\t<a href=\"https:\/\/alsancakrotary.org\/en\/blog-post\/11-temmuz-2019\/\" target=\"_self\">11 Temmuz 2019<\/a>\r\n\t\t\t\t<\/h2>\r\n\t\t\t\t\t\t\t<div class=\"wpbaw-blog-categories\"><a href=\"https:\/\/alsancakrotary.org\/blog-category\/haftalik-toplantilar-19-20\/\" target=\"_self\">Haftal\u0131k Toplant\u0131lar<\/a><\/div>\r\n\t\t\t\t\t\t\t<div class=\"wpbaw-blog-content\">\r\n\r\n\t\t\t\t\t\t\t\t\t\t\t<div class=\"wpbaw-blog-short-content\">Toplant\u0131m\u0131zda 2019-2020 d\u00f6neminin program\u0131 sunuldu.<\/div>\r\n\t\t\t\t\t\t\r\n\t\t\t\t<\/div>\r\n\t\t\t\t\t<\/div>\r\n\t<\/div>\r\n<\/div>\r\n<div class=\"wpbaw-blog-grid wpbaw-blog-inner-wrap wpbaw-medium-4 wpbaw-column  wpbaw-first wpbaw-post-2469\">\r\n\t<div class=\"wpbaw-blog-grid-content \">\r\n\t\t\t\t\t<div class=\"wpbaw-blog-image-bg\" style=\"\">\r\n\t\t\t\t<a href=\"https:\/\/alsancakrotary.org\/en\/blog-post\/4-temmuz-2019\/\" target=\"_self\">\r\n\t\t\t\t\t<img decoding=\"async\" class=\"wpbaw-slider-img\" src=\"https:\/\/alsancakrotary.org\/wp-content\/uploads\/2019\/09\/20190704_131615.jpg\" alt=\"4 Temmuz 2019\" \/>\r\n\t\t\t\t<\/a>\r\n\t\t\t<\/div>\r\n\t\t\r\n\t\t<div class=\"wpbaw-blog-content-bacground\">\r\n\t\t\t\t\t\t\t<h2 class=\"wpbaw-blog-title\">\r\n\t\t\t\t\t<a href=\"https:\/\/alsancakrotary.org\/en\/blog-post\/4-temmuz-2019\/\" target=\"_self\">4 Temmuz 2019<\/a>\r\n\t\t\t\t<\/h2>\r\n\t\t\t\t\t\t\t<div class=\"wpbaw-blog-categories\"><a href=\"https:\/\/alsancakrotary.org\/blog-category\/haftalik-toplantilar-19-20\/\" target=\"_self\">Haftal\u0131k Toplant\u0131lar<\/a><\/div>\r\n\t\t\t\t\t\t\t<div class=\"wpbaw-blog-content\">\r\n\r\n\t\t\t\t\t\t\t\t\t\t\t<div class=\"wpbaw-blog-short-content\">Toplant\u0131m\u0131z\u0131 Ola\u011fan genel kurul \u015feklinde ger\u00e7ekle\u015ftirdik.<\/div>\r\n\t\t\t\t\t\t\r\n\t\t\t\t<\/div>\r\n\t\t\t\t\t<\/div>\r\n\t<\/div>\r\n<\/div>  \r\n    <\/div>\r\n    <\/div>\n","protected":false},"excerpt":{"rendered":"","protected":false},"author":1,"featured_media":0,"parent":0,"menu_order":0,"comment_status":"open","ping_status":"open","template":"","meta":{"footnotes":"","_links_to":"","_links_to_target":""},"class_list":["post-2505","page","type-page","status-publish","hentry"],"_links":{"self":[{"href":"https:\/\/alsancakrotary.org\/en\/wp-json\/wp\/v2\/pages\/2505","targetHints":{"allow":["GET"]}}],"collection":[{"href":"https:\/\/alsancakrotary.org\/en\/wp-json\/wp\/v2\/pages"}],"about":[{"href":"https:\/\/alsancakrotary.org\/en\/wp-json\/wp\/v2\/types\/page"}],"author":[{"embeddable":true,"href":"https:\/\/alsancakrotary.org\/en\/wp-json\/wp\/v2\/users\/1"}],"replies":[{"embeddable":true,"href":"https:\/\/alsancakrotary.org\/en\/wp-json\/wp\/v2\/comments?post=2505"}],"version-history":[{"count":1,"href":"https:\/\/alsancakrotary.org\/en\/wp-json\/wp\/v2\/pages\/2505\/revisions"}],"predecessor-version":[{"id":2506,"href":"https:\/\/alsancakrotary.org\/en\/wp-json\/wp\/v2\/pages\/2505\/revisions\/2506"}],"wp:attachment":[{"href":"https:\/\/alsancakrotary.org\/en\/wp-json\/wp\/v2\/media?parent=2505"}],"curies":[{"name":"wp","href":"https:\/\/api.w.org\/{rel}","templated":true}]}}