{"id":2606,"date":"2020-07-09T12:16:15","date_gmt":"2020-07-09T09:16:15","guid":{"rendered":"http:\/\/alsancakrotary.org\/?page_id=2606"},"modified":"2020-07-09T12:20:34","modified_gmt":"2020-07-09T09:20:34","slug":"bulletin-2020-2021","status":"publish","type":"page","link":"https:\/\/alsancakrotary.org\/en\/publications\/bulletin\/bulletin-2020-2021\/","title":{"rendered":"2020-2021 Term"},"content":{"rendered":"\n<table id=\"tablepress-15\" class=\"tablepress tablepress-id-15 tablepress-responsive\">\n<thead>\n<tr class=\"row-1\">\n\t<th class=\"column-1\">B\u00fclten<\/th><th class=\"column-2\">Tarih<\/th><th class=\"column-3\">Konu\u015fmac\u0131<\/th><th class=\"column-4\">Konu<\/th><th class=\"column-5\">B\u00fclten Dosyas\u0131<\/th>\n<\/tr>\n<\/thead>\n<tbody class=\"row-striping row-hover\">\n<tr class=\"row-2\">\n\t<td class=\"column-1\">2146<\/td><td class=\"column-2\">24 Eyl\u00fcl 2020<\/td><td class=\"column-3\"><\/td><td class=\"column-4\">\u0130\u015eYER\u0130 GEZ\u0130S\u0130 Gemi S\u00f6k\u00fcm Tesisi -Alia\u011fa<\/td><td class=\"column-5\"><a href=\"http:\/\/alsancakrotary.org\/wp-content\/uploads\/2020\/09\/bul2146.pdf\">View PDF<\/a><\/td>\n<\/tr>\n<tr class=\"row-3\">\n\t<td class=\"column-1\">2145<\/td><td class=\"column-2\">17 Eyl\u00fcl 2020<\/td><td class=\"column-3\">Sn. SEMA G\u00dcR<\/td><td class=\"column-4\">S\u00fcsl\u00fc Kad\u0131nlar Bisiklet Turu<\/td><td class=\"column-5\"><a href=\"http:\/\/alsancakrotary.org\/wp-content\/uploads\/2020\/09\/bul2145.pdf\">View PDF<\/a><\/td>\n<\/tr>\n<tr class=\"row-4\">\n\t<td class=\"column-1\">2144<\/td><td class=\"column-2\">10 Eyl\u00fcl 2020<\/td><td class=\"column-3\">Sn. HASAN TAHS\u0130N KOCABA\u015e<\/td><td class=\"column-4\">9 Eyl\u00fcl<br \/>\n\u0130zmir\u2019in Kurtulu\u015fu<\/td><td class=\"column-5\"><a href=\"http:\/\/alsancakrotary.org\/wp-content\/uploads\/2020\/09\/bul2144.pdf\">View PDF<\/a><\/td>\n<\/tr>\n<tr class=\"row-5\">\n\t<td class=\"column-1\">2143<\/td><td class=\"column-2\">3 Eyl\u00fcl 2020<\/td><td class=\"column-3\"><\/td><td class=\"column-4\">KUL\u00dcP ASAMBLES\u0130<\/td><td class=\"column-5\"><a href=\"http:\/\/alsancakrotary.org\/wp-content\/uploads\/2020\/09\/bul2143.pdf\">View PDF<\/a><\/td>\n<\/tr>\n<tr class=\"row-6\">\n\t<td class=\"column-1\">2142<\/td><td class=\"column-2\">27 A\u011fustos 2020<\/td><td class=\"column-3\">SN.T\u00dcRKAN BA\u015eY\u0130\u011e\u0130T<\/td><td class=\"column-4\">B\u00fcy\u00fck Zafer\u2013Bir Milletin Yeniden Do\u011fu\u015fu<\/td><td class=\"column-5\"><a href=\"http:\/\/alsancakrotary.org\/wp-content\/uploads\/2020\/09\/bul2142.pdf\">View PDF<\/a><\/td>\n<\/tr>\n<tr class=\"row-7\">\n\t<td class=\"column-1\">2141<\/td><td class=\"column-2\">20 A\u011fustos 2020<\/td><td class=\"column-3\"><\/td><td class=\"column-4\">YEN\u0130 \u00dcYE ALIM T\u00d6REN\u0130<\/td><td class=\"column-5\"><a href=\"http:\/\/alsancakrotary.org\/wp-content\/uploads\/2020\/09\/bul2141.pdf\">View PDF<\/a><\/td>\n<\/tr>\n<tr class=\"row-8\">\n\t<td class=\"column-1\">2140<\/td><td class=\"column-2\">13 A\u011fustos 2020<\/td><td class=\"column-3\">SN.G\u00d6KHAN AYDIN<\/td><td class=\"column-4\">9.Grup Kul\u00fcpleri<br \/>\nOrtak toplant\u0131s\u0131<\/td><td class=\"column-5\"><a href=\"http:\/\/alsancakrotary.org\/wp-content\/uploads\/2020\/09\/bul2140.pdf\">View PDF<\/a><\/td>\n<\/tr>\n<tr class=\"row-9\">\n\t<td class=\"column-1\">2139<\/td><td class=\"column-2\">30 Temmuz 2020<\/td><td class=\"column-3\"><\/td><td class=\"column-4\">Bas\u0131n'\u0131n D\u00fcn\u00fc, Bug\u00fcn\u00fc ve Yar\u0131n\u0131<\/td><td class=\"column-5\"><a href=\"http:\/\/alsancakrotary.org\/wp-content\/uploads\/2020\/09\/bul2139.pdf\">View PDF<\/a><\/td>\n<\/tr>\n<tr class=\"row-10\">\n\t<td class=\"column-1\">2138<\/td><td class=\"column-2\">23 Temmuz 2020<\/td><td class=\"column-3\">SN. NERM\u0130N BEZMEN<\/td><td class=\"column-4\">Unutkan A\u015fk<\/td><td class=\"column-5\"><a href=\"http:\/\/alsancakrotary.org\/wp-content\/uploads\/2020\/09\/bul2138.pdf\">View PDF<\/a><\/td>\n<\/tr>\n<tr class=\"row-11\">\n\t<td class=\"column-1\">2137<\/td><td class=\"column-2\">16 July 2020<\/td><td class=\"column-3\">SN.Prof.Dr.Erdal ARIKAN<\/td><td class=\"column-4\">5G ve Siber-Fiziksel Sistemler: Endu\u0308stri ve \u0130\u015fin Gelece\u011fi<\/td><td class=\"column-5\"><a href=\"http:\/\/alsancakrotary.org\/wp-content\/uploads\/2020\/07\/bul2137.pdf\">View PDF<\/a><\/td>\n<\/tr>\n<tr class=\"row-12\">\n\t<td class=\"column-1\">2136<\/td><td class=\"column-2\">9 July 2020<\/td><td class=\"column-3\">Sn. \u00d6zg\u00fcr AYDINCAK<\/td><td class=\"column-4\">(DS\u0130) Genel M\u00fcd\u00fcrl\u00fc\u011f\u00fc Su El\u00e7ileri<br \/>\nProjeleri Koordinat\u00f6r\u00fc, SU El\u00e7ileri Derne\u011fi<br \/>\nBa\u015fkan\u0131, SU B\u00fcy\u00fckel\u00e7isi<\/td><td class=\"column-5\"><a href=\"http:\/\/alsancakrotary.org\/wp-content\/uploads\/2020\/07\/bul2136.pdf\">View PDF<\/a><\/td>\n<\/tr>\n<tr class=\"row-13\">\n\t<td class=\"column-1\">2135<\/td><td class=\"column-2\">18 June 2020<\/td><td class=\"column-3\"><\/td><td class=\"column-4\">2020-21 D\u00f6nemi program\u0131n\u0131n sunulmasi<br \/>\n2.Kul\u00fcp asamblesi<\/td><td class=\"column-5\"><a href=\"http:\/\/alsancakrotary.org\/wp-content\/uploads\/2020\/07\/bul2135Y.pdf\">View PDF<\/a><\/td>\n<\/tr>\n<\/tbody>\n<\/table>\n\n","protected":false},"excerpt":{"rendered":"","protected":false},"author":1,"featured_media":0,"parent":2181,"menu_order":0,"comment_status":"closed","ping_status":"closed","template":"","meta":{"footnotes":"","_links_to":"","_links_to_target":""},"class_list":["post-2606","page","type-page","status-publish","hentry"],"_links":{"self":[{"href":"https:\/\/alsancakrotary.org\/en\/wp-json\/wp\/v2\/pages\/2606","targetHints":{"allow":["GET"]}}],"collection":[{"href":"https:\/\/alsancakrotary.org\/en\/wp-json\/wp\/v2\/pages"}],"about":[{"href":"https:\/\/alsancakrotary.org\/en\/wp-json\/wp\/v2\/types\/page"}],"author":[{"embeddable":true,"href":"https:\/\/alsancakrotary.org\/en\/wp-json\/wp\/v2\/users\/1"}],"replies":[{"embeddable":true,"href":"https:\/\/alsancakrotary.org\/en\/wp-json\/wp\/v2\/comments?post=2606"}],"version-history":[{"count":3,"href":"https:\/\/alsancakrotary.org\/en\/wp-json\/wp\/v2\/pages\/2606\/revisions"}],"predecessor-version":[{"id":2610,"href":"https:\/\/alsancakrotary.org\/en\/wp-json\/wp\/v2\/pages\/2606\/revisions\/2610"}],"up":[{"embeddable":true,"href":"https:\/\/alsancakrotary.org\/en\/wp-json\/wp\/v2\/pages\/2181"}],"wp:attachment":[{"href":"https:\/\/alsancakrotary.org\/en\/wp-json\/wp\/v2\/media?parent=2606"}],"curies":[{"name":"wp","href":"https:\/\/api.w.org\/{rel}","templated":true}]}}